{"id":123,"date":"2022-11-18T07:43:28","date_gmt":"2022-11-18T07:43:28","guid":{"rendered":"http:\/\/localhost\/wordpress\/?post_type=product&#038;p=123"},"modified":"2023-07-10T13:11:14","modified_gmt":"2023-07-10T13:11:14","slug":"tiroler-kartoffelbalsam-balsamo-di-patate","status":"publish","type":"product","link":"https:\/\/www.balsamo-marmotta.com\/Shop\/ita\/prodotto\/tiroler-kartoffelbalsam-balsamo-di-patate\/","title":{"rendered":"Balsamo di patate"},"content":{"rendered":"<p>La crema con estratto di patate \u00e8 ideale per la cura della pelle secca e indicata per evitare la screpolatura della pelle. \nConsigliata per mani e piedi doloranti.<br \/>\nLa crema contiene oltre ad altri ingredienti un estratto di patate.<\/p>","protected":false},"excerpt":{"rendered":"<p>Tiroler Kartoffelbalsam ist ein wirksames Pflegemittel f\u00fcr ausgetrocknete oder zu Schrunden und Rissen neigender Haut. Besonders f\u00fcr strapazierte H\u00e4nde und F\u00fc\u00dfe und sch\u00fctzt diese sowohl im Sommer, als auch im [&hellip;]<\/p>","protected":false},"featured_media":129,"template":"","meta":[],"product_cat":[17],"product_tag":[],"class_list":{"0":"post-123","1":"product","2":"type-product","3":"status-publish","4":"has-post-thumbnail","6":"product_cat-balsam-und-cremen","8":"first","9":"instock","10":"shipping-taxable","11":"purchasable","12":"product-type-variable","13":"has-default-attributes"},"yoast_head":"<!-- This site is optimized with the Yoast SEO plugin v23.8 - https:\/\/yoast.com\/wordpress\/plugins\/seo\/ -->\n<title>Tiroler Kartoffelbalsam - balsamo-marmotta.com<\/title>\n<meta name=\"description\" content=\"Tiroler Kartoffelbalsam ist ein wirksames Pflegemittel f\u00fcr ausgetrocknete oder zu Schrunden und Rissen neigender Haut. Besonders f\u00fcr strapazierte H\u00e4nde und F\u00fc\u00dfe und sch\u00fctzt diese sowohl im Sommer, als auch im Winter.\" \/>\n<meta name=\"robots\" content=\"index, follow, max-snippet:-1, max-image-preview:large, max-video-preview:-1\" \/>\n<link rel=\"canonical\" href=\"https:\/\/www.balsamo-marmotta.com\/Shop\/ita\/prodotto\/tiroler-kartoffelbalsam-balsamo-di-patate\/\" \/>\n<meta property=\"og:locale\" content=\"it_IT\" \/>\n<meta property=\"og:type\" content=\"article\" \/>\n<meta property=\"og:title\" content=\"Tiroler Kartoffelbalsam - balsamo-marmotta.com\" \/>\n<meta property=\"og:description\" content=\"Tiroler Kartoffelbalsam ist ein wirksames Pflegemittel f\u00fcr ausgetrocknete oder zu Schrunden und Rissen neigender Haut. Besonders f\u00fcr strapazierte H\u00e4nde und F\u00fc\u00dfe und sch\u00fctzt diese sowohl im Sommer, als auch im Winter.\" \/>\n<meta property=\"og:url\" content=\"https:\/\/www.balsamo-marmotta.com\/Shop\/ita\/prodotto\/tiroler-kartoffelbalsam-balsamo-di-patate\/\" \/>\n<meta property=\"og:site_name\" content=\"balsamo-marmotta.com\" \/>\n<meta property=\"article:modified_time\" content=\"2023-07-10T13:11:14+00:00\" \/>\n<meta property=\"og:image\" content=\"https:\/\/www.balsamo-marmotta.com\/Shop\/wp-content\/uploads\/2022\/11\/Tiroler-Kartoffelbalsam.jpg\" \/>\n\t<meta property=\"og:image:width\" content=\"1000\" \/>\n\t<meta property=\"og:image:height\" content=\"1000\" \/>\n\t<meta property=\"og:image:type\" content=\"image\/jpeg\" \/>\n<meta name=\"twitter:card\" content=\"summary_large_image\" \/>\n<meta name=\"twitter:label1\" content=\"Tempo di lettura stimato\" \/>\n\t<meta name=\"twitter:data1\" content=\"1 minuto\" \/>\n<script type=\"application\/ld+json\" class=\"yoast-schema-graph\">{\"@context\":\"https:\/\/schema.org\",\"@graph\":[{\"@type\":\"WebPage\",\"@id\":\"https:\/\/www.balsamo-marmotta.com\/Shop\/deu\/produkt\/tiroler-kartoffelbalsam-balsamo-di-patate\/\",\"url\":\"https:\/\/www.balsamo-marmotta.com\/Shop\/deu\/produkt\/tiroler-kartoffelbalsam-balsamo-di-patate\/\",\"name\":\"Tiroler Kartoffelbalsam - balsamo-marmotta.com\",\"isPartOf\":{\"@id\":\"https:\/\/www.balsamo-marmotta.com\/Shop\/deu\/#website\"},\"primaryImageOfPage\":{\"@id\":\"https:\/\/www.balsamo-marmotta.com\/Shop\/deu\/produkt\/tiroler-kartoffelbalsam-balsamo-di-patate\/#primaryimage\"},\"image\":{\"@id\":\"https:\/\/www.balsamo-marmotta.com\/Shop\/deu\/produkt\/tiroler-kartoffelbalsam-balsamo-di-patate\/#primaryimage\"},\"thumbnailUrl\":\"https:\/\/www.balsamo-marmotta.com\/Shop\/wp-content\/uploads\/2022\/11\/Tiroler-Kartoffelbalsam.jpg\",\"datePublished\":\"2022-11-18T07:43:28+00:00\",\"dateModified\":\"2023-07-10T13:11:14+00:00\",\"description\":\"Tiroler Kartoffelbalsam ist ein wirksames Pflegemittel f\u00fcr ausgetrocknete oder zu Schrunden und Rissen neigender Haut. Besonders f\u00fcr strapazierte H\u00e4nde und F\u00fc\u00dfe und sch\u00fctzt diese sowohl im Sommer, als auch im Winter.\",\"breadcrumb\":{\"@id\":\"https:\/\/www.balsamo-marmotta.com\/Shop\/deu\/produkt\/tiroler-kartoffelbalsam-balsamo-di-patate\/#breadcrumb\"},\"inLanguage\":\"it-IT\",\"potentialAction\":[{\"@type\":\"ReadAction\",\"target\":[\"https:\/\/www.balsamo-marmotta.com\/Shop\/deu\/produkt\/tiroler-kartoffelbalsam-balsamo-di-patate\/\"]}]},{\"@type\":\"ImageObject\",\"inLanguage\":\"it-IT\",\"@id\":\"https:\/\/www.balsamo-marmotta.com\/Shop\/deu\/produkt\/tiroler-kartoffelbalsam-balsamo-di-patate\/#primaryimage\",\"url\":\"https:\/\/www.balsamo-marmotta.com\/Shop\/wp-content\/uploads\/2022\/11\/Tiroler-Kartoffelbalsam.jpg\",\"contentUrl\":\"https:\/\/www.balsamo-marmotta.com\/Shop\/wp-content\/uploads\/2022\/11\/Tiroler-Kartoffelbalsam.jpg\",\"width\":1000,\"height\":1000},{\"@type\":\"BreadcrumbList\",\"@id\":\"https:\/\/www.balsamo-marmotta.com\/Shop\/deu\/produkt\/tiroler-kartoffelbalsam-balsamo-di-patate\/#breadcrumb\",\"itemListElement\":[{\"@type\":\"ListItem\",\"position\":1,\"name\":\"Startseite\",\"item\":\"https:\/\/www.balsamo-marmotta.com\/Shop\/deu\/\"},{\"@type\":\"ListItem\",\"position\":2,\"name\":\"Unsere Produkte\",\"item\":\"https:\/\/www.balsamo-marmotta.com\/Shop\/deu\/\"},{\"@type\":\"ListItem\",\"position\":3,\"name\":\"Tiroler Kartoffelbalsam\"}]},{\"@type\":\"WebSite\",\"@id\":\"https:\/\/www.balsamo-marmotta.com\/Shop\/deu\/#website\",\"url\":\"https:\/\/www.balsamo-marmotta.com\/Shop\/deu\/\",\"name\":\"balsamo-marmotta.com\",\"description\":\"balsamo-marmotta.com\",\"publisher\":{\"@id\":\"https:\/\/www.balsamo-marmotta.com\/Shop\/deu\/#organization\"},\"potentialAction\":[{\"@type\":\"SearchAction\",\"target\":{\"@type\":\"EntryPoint\",\"urlTemplate\":\"https:\/\/www.balsamo-marmotta.com\/Shop\/deu\/?s={search_term_string}\"},\"query-input\":{\"@type\":\"PropertyValueSpecification\",\"valueRequired\":true,\"valueName\":\"search_term_string\"}}],\"inLanguage\":\"it-IT\"},{\"@type\":\"Organization\",\"@id\":\"https:\/\/www.balsamo-marmotta.com\/Shop\/deu\/#organization\",\"name\":\"balsamo-marmotta.com\",\"url\":\"https:\/\/www.balsamo-marmotta.com\/Shop\/deu\/\",\"logo\":{\"@type\":\"ImageObject\",\"inLanguage\":\"it-IT\",\"@id\":\"https:\/\/www.balsamo-marmotta.com\/Shop\/deu\/#\/schema\/logo\/image\/\",\"url\":\"https:\/\/www.balsamo-marmotta.com\/Shop\/wp-content\/uploads\/2023\/07\/logo_large.png\",\"contentUrl\":\"https:\/\/www.balsamo-marmotta.com\/Shop\/wp-content\/uploads\/2023\/07\/logo_large.png\",\"width\":383,\"height\":56,\"caption\":\"balsamo-marmotta.com\"},\"image\":{\"@id\":\"https:\/\/www.balsamo-marmotta.com\/Shop\/deu\/#\/schema\/logo\/image\/\"}}]}<\/script>\n<!-- \/ Yoast SEO plugin. -->","yoast_head_json":{"title":"Tiroler Kartoffelbalsam - balsamo-marmotta.com","description":"Tiroler Kartoffelbalsam ist ein wirksames Pflegemittel f\u00fcr ausgetrocknete oder zu Schrunden und Rissen neigender Haut. Besonders f\u00fcr strapazierte H\u00e4nde und F\u00fc\u00dfe und sch\u00fctzt diese sowohl im Sommer, als auch im Winter.","robots":{"index":"index","follow":"follow","max-snippet":"max-snippet:-1","max-image-preview":"max-image-preview:large","max-video-preview":"max-video-preview:-1"},"canonical":"https:\/\/www.balsamo-marmotta.com\/Shop\/ita\/prodotto\/tiroler-kartoffelbalsam-balsamo-di-patate\/","og_locale":"it_IT","og_type":"article","og_title":"Tiroler Kartoffelbalsam - balsamo-marmotta.com","og_description":"Tiroler Kartoffelbalsam ist ein wirksames Pflegemittel f\u00fcr ausgetrocknete oder zu Schrunden und Rissen neigender Haut. Besonders f\u00fcr strapazierte H\u00e4nde und F\u00fc\u00dfe und sch\u00fctzt diese sowohl im Sommer, als auch im Winter.","og_url":"https:\/\/www.balsamo-marmotta.com\/Shop\/ita\/prodotto\/tiroler-kartoffelbalsam-balsamo-di-patate\/","og_site_name":"balsamo-marmotta.com","article_modified_time":"2023-07-10T13:11:14+00:00","og_image":[{"width":1000,"height":1000,"url":"https:\/\/www.balsamo-marmotta.com\/Shop\/wp-content\/uploads\/2022\/11\/Tiroler-Kartoffelbalsam.jpg","type":"image\/jpeg"}],"twitter_card":"summary_large_image","twitter_misc":{"Tempo di lettura stimato":"1 minuto"},"schema":{"@context":"https:\/\/schema.org","@graph":[{"@type":"WebPage","@id":"https:\/\/www.balsamo-marmotta.com\/Shop\/deu\/produkt\/tiroler-kartoffelbalsam-balsamo-di-patate\/","url":"https:\/\/www.balsamo-marmotta.com\/Shop\/deu\/produkt\/tiroler-kartoffelbalsam-balsamo-di-patate\/","name":"Tiroler Kartoffelbalsam - balsamo-marmotta.com","isPartOf":{"@id":"https:\/\/www.balsamo-marmotta.com\/Shop\/deu\/#website"},"primaryImageOfPage":{"@id":"https:\/\/www.balsamo-marmotta.com\/Shop\/deu\/produkt\/tiroler-kartoffelbalsam-balsamo-di-patate\/#primaryimage"},"image":{"@id":"https:\/\/www.balsamo-marmotta.com\/Shop\/deu\/produkt\/tiroler-kartoffelbalsam-balsamo-di-patate\/#primaryimage"},"thumbnailUrl":"https:\/\/www.balsamo-marmotta.com\/Shop\/wp-content\/uploads\/2022\/11\/Tiroler-Kartoffelbalsam.jpg","datePublished":"2022-11-18T07:43:28+00:00","dateModified":"2023-07-10T13:11:14+00:00","description":"Tiroler Kartoffelbalsam ist ein wirksames Pflegemittel f\u00fcr ausgetrocknete oder zu Schrunden und Rissen neigender Haut. Besonders f\u00fcr strapazierte H\u00e4nde und F\u00fc\u00dfe und sch\u00fctzt diese sowohl im Sommer, als auch im Winter.","breadcrumb":{"@id":"https:\/\/www.balsamo-marmotta.com\/Shop\/deu\/produkt\/tiroler-kartoffelbalsam-balsamo-di-patate\/#breadcrumb"},"inLanguage":"it-IT","potentialAction":[{"@type":"ReadAction","target":["https:\/\/www.balsamo-marmotta.com\/Shop\/deu\/produkt\/tiroler-kartoffelbalsam-balsamo-di-patate\/"]}]},{"@type":"ImageObject","inLanguage":"it-IT","@id":"https:\/\/www.balsamo-marmotta.com\/Shop\/deu\/produkt\/tiroler-kartoffelbalsam-balsamo-di-patate\/#primaryimage","url":"https:\/\/www.balsamo-marmotta.com\/Shop\/wp-content\/uploads\/2022\/11\/Tiroler-Kartoffelbalsam.jpg","contentUrl":"https:\/\/www.balsamo-marmotta.com\/Shop\/wp-content\/uploads\/2022\/11\/Tiroler-Kartoffelbalsam.jpg","width":1000,"height":1000},{"@type":"BreadcrumbList","@id":"https:\/\/www.balsamo-marmotta.com\/Shop\/deu\/produkt\/tiroler-kartoffelbalsam-balsamo-di-patate\/#breadcrumb","itemListElement":[{"@type":"ListItem","position":1,"name":"Startseite","item":"https:\/\/www.balsamo-marmotta.com\/Shop\/deu\/"},{"@type":"ListItem","position":2,"name":"Unsere Produkte","item":"https:\/\/www.balsamo-marmotta.com\/Shop\/deu\/"},{"@type":"ListItem","position":3,"name":"Tiroler Kartoffelbalsam"}]},{"@type":"WebSite","@id":"https:\/\/www.balsamo-marmotta.com\/Shop\/deu\/#website","url":"https:\/\/www.balsamo-marmotta.com\/Shop\/deu\/","name":"balsamo-marmotta.com","description":"balsamo-marmotta.com","publisher":{"@id":"https:\/\/www.balsamo-marmotta.com\/Shop\/deu\/#organization"},"potentialAction":[{"@type":"SearchAction","target":{"@type":"EntryPoint","urlTemplate":"https:\/\/www.balsamo-marmotta.com\/Shop\/deu\/?s={search_term_string}"},"query-input":{"@type":"PropertyValueSpecification","valueRequired":true,"valueName":"search_term_string"}}],"inLanguage":"it-IT"},{"@type":"Organization","@id":"https:\/\/www.balsamo-marmotta.com\/Shop\/deu\/#organization","name":"balsamo-marmotta.com","url":"https:\/\/www.balsamo-marmotta.com\/Shop\/deu\/","logo":{"@type":"ImageObject","inLanguage":"it-IT","@id":"https:\/\/www.balsamo-marmotta.com\/Shop\/deu\/#\/schema\/logo\/image\/","url":"https:\/\/www.balsamo-marmotta.com\/Shop\/wp-content\/uploads\/2023\/07\/logo_large.png","contentUrl":"https:\/\/www.balsamo-marmotta.com\/Shop\/wp-content\/uploads\/2023\/07\/logo_large.png","width":383,"height":56,"caption":"balsamo-marmotta.com"},"image":{"@id":"https:\/\/www.balsamo-marmotta.com\/Shop\/deu\/#\/schema\/logo\/image\/"}}]}},"_links":{"self":[{"href":"https:\/\/www.balsamo-marmotta.com\/Shop\/ita\/wp-json\/wp\/v2\/product\/123","targetHints":{"allow":["GET"]}}],"collection":[{"href":"https:\/\/www.balsamo-marmotta.com\/Shop\/ita\/wp-json\/wp\/v2\/product"}],"about":[{"href":"https:\/\/www.balsamo-marmotta.com\/Shop\/ita\/wp-json\/wp\/v2\/types\/product"}],"wp:featuredmedia":[{"embeddable":true,"href":"https:\/\/www.balsamo-marmotta.com\/Shop\/ita\/wp-json\/wp\/v2\/media\/129"}],"wp:attachment":[{"href":"https:\/\/www.balsamo-marmotta.com\/Shop\/ita\/wp-json\/wp\/v2\/media?parent=123"}],"wp:term":[{"taxonomy":"product_cat","embeddable":true,"href":"https:\/\/www.balsamo-marmotta.com\/Shop\/ita\/wp-json\/wp\/v2\/product_cat?post=123"},{"taxonomy":"product_tag","embeddable":true,"href":"https:\/\/www.balsamo-marmotta.com\/Shop\/ita\/wp-json\/wp\/v2\/product_tag?post=123"}],"curies":[{"name":"wp","href":"https:\/\/api.w.org\/{rel}","templated":true}]}}