{"id":3,"date":"2022-04-02T08:17:33","date_gmt":"2022-04-02T08:17:33","guid":{"rendered":"http:\/?page_id=3"},"modified":"2022-11-29T10:09:24","modified_gmt":"2022-11-29T10:09:24","slug":"privacy-policy","status":"publish","type":"page","link":"https:\/\/www.balsamo-marmotta.com\/Shop\/ita\/privacy-policy\/","title":{"rendered":"PRIVACY \/ TRATTAMENTO DEI DATI PERSONALI"},"content":{"rendered":"<h2 class=\"wp-block-heading\">INFORMATIVA IN MERITO AL TRATTAMENTO DEI DATI PERSONALI<\/h2><p>Ai sensi degli artt. 12 e seguenti del Regolamento UE 2016\/679 (\u201cGDPR\u201d o \u201cRegolamento\u201d), ed in generale in osservanza del principio di trasparenza previsto dal Regolamento medesimo, la ditta Lukas Hofer., che \u00e8 proprietaria e gestisce il sito www.balsamo-marmotta.com, fornisce le seguenti informazioni in merito al trattamento dei dati personali (cio\u00e8 di qualsiasi informazione riguardante una persona fisica identificata o identificabile: \u201cInteressato\u201d) in connessione con la navigazione sul sito www.balsamo-marmotta.com (\u201cSito\u201d) e relativa interazione da parte dell\u2019utente.<br>Si evidenzia che la presente informativa non riguarda pertanto altri siti web eventualmente consultati dall\u2019utente tramite link presenti sul Sito, compresi i link ai social media; a tale ultimo proposito, si consiglia di fare particolare attenzione al fatto che cookies di terza parte potrebbero essere comunque attivati nell\u2019interazione (anche tramite gli strumenti presenti sul Sito) con i social network, che potrebbero quindi raccogliere dati relativi alla navigazione (si invita quindi a prendere preventiva visione delle rispettive informative dei social media.<\/p><h2 class=\"wp-block-heading\">TITOLARE DEL TRATTAMENTO<\/h2><p>Il titolare del trattamento (cio\u00e8 il soggetto che determina le finalit\u00e0 e i mezzi del trattamento di dati personali) \u00e8 la ditta Lukas Hofer., con sede a San Candido, via Kranzhof 4, P.I. . 02433510217, Tel. +39 3351050125, PEC hofer@arubapec.it. Per contatti specificamente relativi alla tutela dei dati personali, compreso l\u2019esercizio dei diritti, si indica in particolare l\u2019indirizzo e-mail: info@balsamo-marmotta.com al quale si prega di voler rivolgere le Vostre eventuali richieste.<\/p><p><\/p><h2 class=\"wp-block-heading\">DATI DI NAVIGAZIONE DELL\u2019UTENTE<\/h2><p>I sistemi informatici e i programmi informatici utilizzati per il funzionamento del Sito raccolgono alcuni dati personali la cui trasmissione \u00e8 implicita nell'uso dei protocolli di comunicazione di Internet (es. indirizzi IP o nomi a dominio dei computer utilizzati dagli utenti che si connettono al Sito, gli indirizzi URI -Uniform Resource Identifier- delle risorse richieste, orario della richiesta, metodo utilizzato nel sottoporre la richiesta al server, dimensione del file ottenuto in risposta, codice numerico circa lo stato della risposta resa dal server -buon fine, errore, ecc.- ed altri parametri relativi al sistema operativo e all'ambiente informatico dell'utente). Bench\u00e9 si tratti di informazioni che non sono raccolte per essere associate a interessati identificati, per loro natura, potrebbero, attraverso elaborazioni ed associazioni con dati detenuti da terzi, consentire di identificare gli utenti.<br>Tali dati sono utilizzati al solo fine di ricavare informazioni statistiche non associate ad alcun dato identificativo dell'utente sull'uso del Sito e per controllare il corretto funzionamento dello stesso e vengono trattati per il tempo strettamente necessario e quindi cancellati dopo l'elaborazione.<br>I dati potrebbero inoltre essere utilizzati per l'accertamento di responsabilit\u00e0 in caso di ipotetici reati informatici ai danni del Sito.<br>La base giuridica del trattamento \u00e8 pertanto il legittimo interesse del Titolare al funzionamento e sicurezza del Sito.<br>Die rechtliche Grundlage der Verarbeitung ist daher das berechtigte Interesse des Verantwortlichen am Betrieb und an der Sicherheit der Website.<\/p><h2 class=\"wp-block-heading\">COOKIE<\/h2><p><strong class=\"privacy-policy-tutorial\">Il Sito utilizza esclusivamente cookie technici: Google Analytics, Hotjar<\/strong><\/p><h2 class=\"wp-block-heading\">DATI FORNITI VOLONTARIAMENTE DALL\u2019UTENTE<\/h2><p>Per la consultazione del sito non \u00e8 richiesto alcun conferimento di dati personali da parte dell\u2019utente.<br>Tuttavia, eventuali contatti con il Titolare, o l'invio facoltativo, esplicito e spontaneo di messaggi, di posta elettronica o tradizionale, ai recapiti del Titolare indicati sul sito o la compilazione dei campi nella sezione \u201cContatti\u201d, comportano la successiva acquisizione dell'indirizzo, anche e-mail, del mittente o della relativa numerazione telefonica, necessari per rispondere alle richieste, nonch\u00e9 di eventuali altri dati personali inseriti nelle relative comunicazioni.<br>Tali dati saranno utilizzati al solo fine di dar seguito alla richiesta dell'utente e potranno essere comunicati a terzi solo nel caso in cui ci\u00f2 sia necessario a tal fine.<br>Per il trattamento dei dati per tali finalit\u00e0 non occorre il consenso dell\u2019utente, poich\u00e9 il trattamento \u00e8 necessario all'esecuzione di un contratto di cui questi \u00e8 parte o all'esecuzione di misure precontrattuali adottate su richiesta del medesimo (art. 6, comma 1, lett. b) del Regolamento).<br>L\u2019utente potr\u00e0 inoltre iscriversi alla nostra newsletter, tramite l\u2019apposita sezione del Sito, per ricevere informazioni periodiche in merito ai nostri servizi; in tal caso il trattamento dei dati personali per tale finalit\u00e0 avverr\u00e0 sulla base del consenso dell\u2019utente, che questi potr\u00e0 comunque revocare in ogni momento, ed il mancato consenso o il mancato conferimento dei dati non avr\u00e0 alcuna conseguenza sul possibile rapporto contrattuale.<br>L\u2019utente potr\u00e0 inoltre iscriversi alla nostra newsletter, tramite l\u2019apposita sezione del Sito, per ricevere informazioni periodiche in merito ai nostri servizi; in tal caso il trattamento dei dati personali per tale finalit\u00e0 avverr\u00e0 sulla base del consenso dell\u2019utente, che questi potr\u00e0 comunque revocare in ogni momento, ed il mancato consenso o il mancato conferimento dei dati non avr\u00e0 alcuna conseguenza sul possibile rapporto contrattuale.<br>Tali dati personali sono conservati per il tempo strettamente necessario a fornire all\u2019Interessato le risposte alle richieste formulate e durante il termine di validit\u00e0 del preventivo, salvi ulteriori obblighi di conservazione previsti dalla legge.\n\nIn occasione dell\u2019eventuale stipula del contratto, verr\u00e0 tempestivamente fornita la relativa specifica informativa sul trattamento dei dati personali.<br>L\u2019iscrizione alla newsletter \u2013salvo non intervenga prima la revoca del consenso, che comporter\u00e0 l\u2019immediata cancellazione dei dati\u2013 verr\u00e0 mantenuta per 48 mesi dalla manifestazione di consenso o dalla rinnovazione dello stesso.<br>I dati personali non saranno diffusi.<br>Nell'ambito della sua attivit\u00e0 e per le finalit\u00e0 sopra indicate, il Titolare potr\u00e0 avvalersi di servizi resi da soggetti terzi che operano o quali titolari autonomi o per conto e secondo le istruzioni dello stesso, quali responsabili del trattamento.<br>Si tratta di soggetti che forniscono al Titolare servizi elaborativi o strumentali. Potr\u00e0 richiedere un elenco completo e aggiornato dei soggetti nominati responsabili del trattamento rivolgendosi ad uno dei contatti sotto indicati.<br>Non \u00e8 intenzione di trasferire i dati personali a Paesi non Membri dell\u2019Unione Europea o ad Organizzazioni Internazionali<\/p><h2 class=\"wp-block-heading\">Non \u00e8 intenzione di trasferire i dati personali a Paesi non Membri dell\u2019Unione Europea o ad Organizzazioni Internazionali<\/h2><p>Il GDPR attribuisce all\u2019Interessato l\u2019esercizio dei seguenti diritti con riferimento ai dati personali che lo riguardano (la descrizione sintetica \u00e8 indicativa, per la completa enunciazione dei diritti, comprese le limitazioni degli stessi, si rimanda al Regolamento, ed in particolare agli artt. 15-22):<\/p><ul class=\"wp-block-list\"><li>accesso ai dati personali (l\u2019Interessato ha il diritto di avere gratuitamente le informazioni in merito ai dati personali che lo riguardano detenuti dal Titolare ed al relativo trattamento, nonch\u00e9 di ottenerne copia in formato accessibile);<\/li>\n\n<li>rettifica dei dati personali (su segnalazione dell\u2019Interessato, correzione o integrazione dei dati personali \u2013non espressione di elementi valutativi\u2013 non corretti o imprecisi, anche divenuti tali in quanto non aggiornati);<\/li>\n\n<li>limitazione del trattamento (in determinati casi \u2013contestazione dell\u2019esattezza dei dati, nel tempo necessario alla verifica; contestazione della liceit\u00e0 del trattamento con opposizione alla cancellazione; necessit\u00e0 di utilizzo per i diritti di difesa dell\u2019Interessato, mentre essi non sono pi\u00f9 utili ai fini del trattamento; se vi \u00e8 opposizione al trattamento, mentre vengono svolte le necessarie verifiche\u2013 i dati verranno conservati con modalit\u00e0 tali da poter essere eventualmente ripristinati, ma, nel mentre, non sono consultabili dal Titolare se non appunto in relazione alla verifica della validit\u00e0 della richiesta di limitazione da parte dell\u2019Interessato, o con il consenso dell\u2019Interessato o per l\u2019accertamento, l\u2019esercizio o la difesa in giudizio di un diritto in sede giudiziaria o per tutelare i diritti di altra persona fisica o giuridica o per motivi di interesse pubblico rilevante dell\u2019Unione o di uno Stato membro);<\/li>\n\n<li>opposizione in tutto o in parte, per motivi connessi alla situazione particolare dell\u2019Interessato, al trattamento effettuato sulla base del legittimo interesse (e, relativamente ai trattamenti per finalit\u00e0 di marketing diretto, l\u2019Interessato potr\u00e0 opporsi in ogni caso, quindi senza dover addurre alcuna ragione, al trattamento per tale finalit\u00e0, compresa la profilazione nella misura in cui sia connessa al marketing diretto); si fa tuttavia presente che, nel caso concreto, l\u2019invio della newsletter viene effettuato sulla base del consenso manifestato dall\u2019Interessato e pertanto la semplice revoca del consenso da parte di quest\u2019ultimo sar\u00e0 sufficiente per far cessare il trattamento);<\/li>\n\n<li>portabilit\u00e0 dei dati (qualora il trattamento si basi sul consenso o su un contratto e sia effettuato con mezzi automatizzati, su sua richiesta, l\u2019Interessato ricever\u00e0 in un formato strutturato, di uso comune e leggibile da dispositivo automatico, i dati personali che lo riguardano e potr\u00e0 trasmetterli ad un altro Titolare del trattamento, senza impedimenti da parte del Titolare del Trattamento cui li ha forniti e, se tecnicamente fattibile, potr\u00e0 ottenere che detta trasmissione venga effettuata direttamente da quest\u2019ultimo);<br>L\u2019Interessato ha inoltre diritto di proporre reclamo al Garante per la Protezione dei dati personali nel caso in cui ritenga che il trattamento che lo riguarda violi quanto prescritto dal Regolamento; il Garante per la protezione dei dati personali \u00e8 contattabile tramite i recapiti indicati nel Sito dell\u2019Autorit\u00e0 medesima \u201cwww.garanteprivacy.it\u201d. Vorremmo in ogni caso avere l\u2019opportunit\u00e0 di affrontare preventivamente ogni perplessit\u00e0 degli Interessati, che potranno rivolgersi all\u2019indirizzo e-mail info@balsamo-marmotta.com o agli altri dati di contatto del Titolare sopra indicati per ogni chiarimento relativo al trattamento dei dati personali che li riguardano e per l\u2019esercizio dei relativi diritti.<\/li><\/ul><h2 class=\"wp-block-heading\">Condizioni generali di vendita<\/h2><p><strong class=\"privacy-policy-tutorial\">Condizioni generali di vendita<\/strong><\/p><p>L'ordine si ritiene valido dopo la mail automatica al cliente.<br><strong>Privacy<br><\/strong>Il trattamento dei vostri dati avviene ai sensi del Regolamento UE n. 2016\/679 del Parlamento europeo e del Consiglio. Titolare del trattamento dei dati \u00e8 Lukas Hofer, Via Kranzhof 4, 39038 San Candido.\n\u00bb Ulteriori informazioni sulla privacy<br>\u00bb  ulteriori informazioni sulla privacy<br><strong>Prezzi<\/strong><br>I nostri prezzi si intendono IVA inclusa.<br><strong>Condizioni di pagamento<\/strong><br>Il pagamento avviene tramite bonifico bancario, pagamento tramite PayPal o in contrassegno direttamente al corriere. La scelta \u00e8 da indicare sul modulo d\u2019ordine.<br><strong>Diritto di propriet\u00e0<\/strong><br>La merce fornita rimane propriet\u00e0 del venditore fino a completa osservanza di tutte le condizioni pattuite tra venditore e cliente e fino al completo pagamento.<br><strong>Condizioni per la consegna<\/strong><br>La consegna avviene a debito del cliente. Se sospettate che Vi siano danni derivanti dal trasporto o che dall'imballo danneggiato sia stata asportata merce, dovrete rifiutare la consegna. In ogni caso dovrete darne tempestivamente comunicazione scritta alla ns. ditta e conservare l'imballaggio. Le informazioni date ai relativi prodotti, disponibilit\u00e0 e consegna sono indicativi e non vincolati.<br><strong>Resi<\/strong><br>Per i resi sono a carico del cliente sia il rischio che i costi. Le forniture non conformi all'ordine devono essere restituite nel loro imballaggio originale intatto, chiuso e senza alcun segno di effrazione. Nei confronti dei consumatori non \"utenti professionali\" opera il disposto del D.Lgs. 50\/92. Il consumatore pu\u00f2 esercitare il diritto di recesso inviando una comunicazione scritta, alla ditta Lukas Hofer nel termine di sette giorni a mezzo di lettera raccomandata con avviso di ricevimento. I resi in garanzia vengono accettati solo se viene preventivamente comunicato il tipo di difetto.<br><strong>Responsabilit\u00e0<\/strong><br>Per la merce acquistata sono valide le garanzie del produttore. I rappresentanti legali e i collaboratori del venditore declinano ogni responsabilit\u00e0 nei confronti del cliente, salvo nei casi di intenzionalit\u00e0 e negligenza grave.<br><strong>Foro competente<\/strong><br>Per qualsiasi controversia foro competente \u00e8 quello di Bolzano, Italia.<br><strong>Varie<\/strong><br>Ci riserviamo la presenza di eventuali errori, dati tecnici non presenti ed errori di scrittura.<\/p>","protected":false},"excerpt":{"rendered":"<p>INFORMATIONEN ZUR VERARBEITUNG PERSONENBEZOGENER DATEN Gem\u00e4\u00df des Artikels 12 und der folgenden Artikel der Verordnung (EU) 2016\/679 (\u201eGDPR\u201c oder \u201eVerordnung\u201c) und im Allgemeinen unter Beachtung des in dieser Verordnung enthaltenen [&hellip;]<\/p>","protected":false},"author":1,"featured_media":0,"parent":0,"menu_order":0,"comment_status":"closed","ping_status":"open","template":"","meta":{"footnotes":""},"class_list":["post-3","page","type-page","status-publish","hentry"],"yoast_head":"<!-- This site is optimized with the Yoast SEO plugin v23.8 - https:\/\/yoast.com\/wordpress\/plugins\/seo\/ -->\n<title>Privacy \/ Datenschutz - balsamo-marmotta.com<\/title>\n<meta name=\"robots\" content=\"index, follow, max-snippet:-1, max-image-preview:large, max-video-preview:-1\" \/>\n<link rel=\"canonical\" href=\"https:\/\/www.balsamo-marmotta.com\/Shop\/ita\/privacy-policy\/\" \/>\n<meta property=\"og:locale\" content=\"it_IT\" \/>\n<meta property=\"og:type\" content=\"article\" \/>\n<meta property=\"og:title\" content=\"Privacy \/ Datenschutz - balsamo-marmotta.com\" \/>\n<meta property=\"og:description\" content=\"INFORMATIONEN ZUR VERARBEITUNG PERSONENBEZOGENER DATEN Gem\u00e4\u00df des Artikels 12 und der folgenden Artikel der Verordnung (EU) 2016\/679 (\u201eGDPR\u201c oder \u201eVerordnung\u201c) und im Allgemeinen unter Beachtung des in dieser Verordnung enthaltenen [&hellip;]\" \/>\n<meta property=\"og:url\" content=\"https:\/\/www.balsamo-marmotta.com\/Shop\/ita\/privacy-policy\/\" \/>\n<meta property=\"og:site_name\" content=\"balsamo-marmotta.com\" \/>\n<meta property=\"article:modified_time\" content=\"2022-11-29T10:09:24+00:00\" \/>\n<meta name=\"twitter:card\" content=\"summary_large_image\" \/>\n<meta name=\"twitter:label1\" content=\"Tempo di lettura stimato\" \/>\n\t<meta name=\"twitter:data1\" content=\"10 minuti\" \/>\n<script type=\"application\/ld+json\" class=\"yoast-schema-graph\">{\"@context\":\"https:\/\/schema.org\",\"@graph\":[{\"@type\":\"WebPage\",\"@id\":\"https:\/\/www.balsamo-marmotta.com\/Shop\/deu\/privacy-policy\/\",\"url\":\"https:\/\/www.balsamo-marmotta.com\/Shop\/deu\/privacy-policy\/\",\"name\":\"Privacy \/ Datenschutz - balsamo-marmotta.com\",\"isPartOf\":{\"@id\":\"https:\/\/www.balsamo-marmotta.com\/Shop\/deu\/#website\"},\"datePublished\":\"2022-04-02T08:17:33+00:00\",\"dateModified\":\"2022-11-29T10:09:24+00:00\",\"breadcrumb\":{\"@id\":\"https:\/\/www.balsamo-marmotta.com\/Shop\/deu\/privacy-policy\/#breadcrumb\"},\"inLanguage\":\"it-IT\",\"potentialAction\":[{\"@type\":\"ReadAction\",\"target\":[\"https:\/\/www.balsamo-marmotta.com\/Shop\/deu\/privacy-policy\/\"]}]},{\"@type\":\"BreadcrumbList\",\"@id\":\"https:\/\/www.balsamo-marmotta.com\/Shop\/deu\/privacy-policy\/#breadcrumb\",\"itemListElement\":[{\"@type\":\"ListItem\",\"position\":1,\"name\":\"Startseite\",\"item\":\"https:\/\/www.balsamo-marmotta.com\/Shop\/deu\/\"},{\"@type\":\"ListItem\",\"position\":2,\"name\":\"Privacy \/ Datenschutz\"}]},{\"@type\":\"WebSite\",\"@id\":\"https:\/\/www.balsamo-marmotta.com\/Shop\/deu\/#website\",\"url\":\"https:\/\/www.balsamo-marmotta.com\/Shop\/deu\/\",\"name\":\"balsamo-marmotta.com\",\"description\":\"balsamo-marmotta.com\",\"publisher\":{\"@id\":\"https:\/\/www.balsamo-marmotta.com\/Shop\/deu\/#organization\"},\"potentialAction\":[{\"@type\":\"SearchAction\",\"target\":{\"@type\":\"EntryPoint\",\"urlTemplate\":\"https:\/\/www.balsamo-marmotta.com\/Shop\/deu\/?s={search_term_string}\"},\"query-input\":{\"@type\":\"PropertyValueSpecification\",\"valueRequired\":true,\"valueName\":\"search_term_string\"}}],\"inLanguage\":\"it-IT\"},{\"@type\":\"Organization\",\"@id\":\"https:\/\/www.balsamo-marmotta.com\/Shop\/deu\/#organization\",\"name\":\"balsamo-marmotta.com\",\"url\":\"https:\/\/www.balsamo-marmotta.com\/Shop\/deu\/\",\"logo\":{\"@type\":\"ImageObject\",\"inLanguage\":\"it-IT\",\"@id\":\"https:\/\/www.balsamo-marmotta.com\/Shop\/deu\/#\/schema\/logo\/image\/\",\"url\":\"https:\/\/www.balsamo-marmotta.com\/Shop\/wp-content\/uploads\/2023\/07\/logo_large.png\",\"contentUrl\":\"https:\/\/www.balsamo-marmotta.com\/Shop\/wp-content\/uploads\/2023\/07\/logo_large.png\",\"width\":383,\"height\":56,\"caption\":\"balsamo-marmotta.com\"},\"image\":{\"@id\":\"https:\/\/www.balsamo-marmotta.com\/Shop\/deu\/#\/schema\/logo\/image\/\"}}]}<\/script>\n<!-- \/ Yoast SEO plugin. -->","yoast_head_json":{"title":"Privacy \/ Datenschutz - balsamo-marmotta.com","robots":{"index":"index","follow":"follow","max-snippet":"max-snippet:-1","max-image-preview":"max-image-preview:large","max-video-preview":"max-video-preview:-1"},"canonical":"https:\/\/www.balsamo-marmotta.com\/Shop\/ita\/privacy-policy\/","og_locale":"it_IT","og_type":"article","og_title":"Privacy \/ Datenschutz - balsamo-marmotta.com","og_description":"INFORMATIONEN ZUR VERARBEITUNG PERSONENBEZOGENER DATEN Gem\u00e4\u00df des Artikels 12 und der folgenden Artikel der Verordnung (EU) 2016\/679 (\u201eGDPR\u201c oder \u201eVerordnung\u201c) und im Allgemeinen unter Beachtung des in dieser Verordnung enthaltenen [&hellip;]","og_url":"https:\/\/www.balsamo-marmotta.com\/Shop\/ita\/privacy-policy\/","og_site_name":"balsamo-marmotta.com","article_modified_time":"2022-11-29T10:09:24+00:00","twitter_card":"summary_large_image","twitter_misc":{"Tempo di lettura stimato":"10 minuti"},"schema":{"@context":"https:\/\/schema.org","@graph":[{"@type":"WebPage","@id":"https:\/\/www.balsamo-marmotta.com\/Shop\/deu\/privacy-policy\/","url":"https:\/\/www.balsamo-marmotta.com\/Shop\/deu\/privacy-policy\/","name":"Privacy \/ Datenschutz - balsamo-marmotta.com","isPartOf":{"@id":"https:\/\/www.balsamo-marmotta.com\/Shop\/deu\/#website"},"datePublished":"2022-04-02T08:17:33+00:00","dateModified":"2022-11-29T10:09:24+00:00","breadcrumb":{"@id":"https:\/\/www.balsamo-marmotta.com\/Shop\/deu\/privacy-policy\/#breadcrumb"},"inLanguage":"it-IT","potentialAction":[{"@type":"ReadAction","target":["https:\/\/www.balsamo-marmotta.com\/Shop\/deu\/privacy-policy\/"]}]},{"@type":"BreadcrumbList","@id":"https:\/\/www.balsamo-marmotta.com\/Shop\/deu\/privacy-policy\/#breadcrumb","itemListElement":[{"@type":"ListItem","position":1,"name":"Startseite","item":"https:\/\/www.balsamo-marmotta.com\/Shop\/deu\/"},{"@type":"ListItem","position":2,"name":"Privacy \/ Datenschutz"}]},{"@type":"WebSite","@id":"https:\/\/www.balsamo-marmotta.com\/Shop\/deu\/#website","url":"https:\/\/www.balsamo-marmotta.com\/Shop\/deu\/","name":"balsamo-marmotta.com","description":"balsamo-marmotta.com","publisher":{"@id":"https:\/\/www.balsamo-marmotta.com\/Shop\/deu\/#organization"},"potentialAction":[{"@type":"SearchAction","target":{"@type":"EntryPoint","urlTemplate":"https:\/\/www.balsamo-marmotta.com\/Shop\/deu\/?s={search_term_string}"},"query-input":{"@type":"PropertyValueSpecification","valueRequired":true,"valueName":"search_term_string"}}],"inLanguage":"it-IT"},{"@type":"Organization","@id":"https:\/\/www.balsamo-marmotta.com\/Shop\/deu\/#organization","name":"balsamo-marmotta.com","url":"https:\/\/www.balsamo-marmotta.com\/Shop\/deu\/","logo":{"@type":"ImageObject","inLanguage":"it-IT","@id":"https:\/\/www.balsamo-marmotta.com\/Shop\/deu\/#\/schema\/logo\/image\/","url":"https:\/\/www.balsamo-marmotta.com\/Shop\/wp-content\/uploads\/2023\/07\/logo_large.png","contentUrl":"https:\/\/www.balsamo-marmotta.com\/Shop\/wp-content\/uploads\/2023\/07\/logo_large.png","width":383,"height":56,"caption":"balsamo-marmotta.com"},"image":{"@id":"https:\/\/www.balsamo-marmotta.com\/Shop\/deu\/#\/schema\/logo\/image\/"}}]}},"_links":{"self":[{"href":"https:\/\/www.balsamo-marmotta.com\/Shop\/ita\/wp-json\/wp\/v2\/pages\/3","targetHints":{"allow":["GET"]}}],"collection":[{"href":"https:\/\/www.balsamo-marmotta.com\/Shop\/ita\/wp-json\/wp\/v2\/pages"}],"about":[{"href":"https:\/\/www.balsamo-marmotta.com\/Shop\/ita\/wp-json\/wp\/v2\/types\/page"}],"author":[{"embeddable":true,"href":"https:\/\/www.balsamo-marmotta.com\/Shop\/ita\/wp-json\/wp\/v2\/users\/1"}],"replies":[{"embeddable":true,"href":"https:\/\/www.balsamo-marmotta.com\/Shop\/ita\/wp-json\/wp\/v2\/comments?post=3"}],"version-history":[{"count":4,"href":"https:\/\/www.balsamo-marmotta.com\/Shop\/ita\/wp-json\/wp\/v2\/pages\/3\/revisions"}],"predecessor-version":[{"id":265,"href":"https:\/\/www.balsamo-marmotta.com\/Shop\/ita\/wp-json\/wp\/v2\/pages\/3\/revisions\/265"}],"wp:attachment":[{"href":"https:\/\/www.balsamo-marmotta.com\/Shop\/ita\/wp-json\/wp\/v2\/media?parent=3"}],"curies":[{"name":"wp","href":"https:\/\/api.w.org\/{rel}","templated":true}]}}