{"id":12,"date":"2022-04-02T08:33:23","date_gmt":"2022-04-02T08:33:23","guid":{"rendered":"http:\/\/localhost\/wordpress\/product\/hoodie-with-logo\/"},"modified":"2023-07-10T12:54:55","modified_gmt":"2023-07-10T12:54:55","slug":"tiroler-murmeltierbalsam-balsamo-tirolese-di-marmotta","status":"publish","type":"product","link":"https:\/\/www.balsamo-marmotta.com\/Shop\/deu\/produkt\/tiroler-murmeltierbalsam-balsamo-tirolese-di-marmotta\/","title":{"rendered":"Tiroler Murmeltierbalsam"},"content":{"rendered":"<p>Tiroler Murmeltierbalsam wird als Massagebalsam und Einreibung verwendet. Es wird aus ausgesuchten nat\u00fcrlichen Rohstoffen wie Murmeltier\u00f6l, Latschenkiefer und Aloe Barbadensis hergestellt.<br \/>\nDie wohltuende Wirkung des Murmeltier\u00f6les f\u00fcr strapazierte Gelenke und Knochen ist schon seit vielen hundert Jahren bekannt.<br \/>\nDas Fett der Murmeltiere ist sehr wertvoll. Es findet wegen seiner physikalischen und chemischen Eigenschaften vielseitige Verwendung gegen verschiedene Krankheiten. Das Fett enth\u00e4lt nur 10-12% Wasser und ist durch die gro\u00dfe Vielfalt der aufgenommenen Hochgebirgspflanzen reich an Vitamin D und E.<br \/>\nBei fachgerechter Anwendung des Murmeltierbalsams tritt schon nach wenigen Tagen eine wohltuende Erleichterung ein.<br \/>\nDie Anwendung sollte nach ca. 3 Wochen f\u00fcr eine Woche ausgesetzt werden. (Bei merklicher Schmerzlinderung kann man die Massage bzw. Einreibung schon fr\u00fcher absetzen.) Das im Tiroler Murmeltierbalsam enthaltene Latschenkiefer\u00f6l f\u00f6rdert die Durchblutung der Haut zus\u00e4tzlich und wirkt angenehm erfrischend.<\/p>\n","protected":false},"excerpt":{"rendered":"<p>Murmeltier\u00f6l f\u00fcr strapazierte Gelenke und Knochen<\/p>\n","protected":false},"featured_media":150,"template":"","meta":[],"product_cat":[17],"product_tag":[],"class_list":{"0":"post-12","1":"product","2":"type-product","3":"status-publish","4":"has-post-thumbnail","6":"product_cat-balsam-und-cremen","8":"first","9":"instock","10":"shipping-taxable","11":"purchasable","12":"product-type-variable","13":"has-default-attributes"},"yoast_head":"<!-- This site is optimized with the Yoast SEO plugin v23.8 - https:\/\/yoast.com\/wordpress\/plugins\/seo\/ -->\n<title>Tiroler Murmeltierbalsam - balsamo-marmotta.com<\/title>\n<meta name=\"robots\" content=\"index, follow, max-snippet:-1, max-image-preview:large, max-video-preview:-1\" \/>\n<link rel=\"canonical\" href=\"https:\/\/www.balsamo-marmotta.com\/Shop\/deu\/produkt\/tiroler-murmeltierbalsam-balsamo-tirolese-di-marmotta\/\" \/>\n<meta property=\"og:locale\" content=\"de_DE\" \/>\n<meta property=\"og:type\" content=\"article\" \/>\n<meta property=\"og:title\" content=\"Tiroler Murmeltierbalsam - balsamo-marmotta.com\" \/>\n<meta property=\"og:description\" content=\"Murmeltier\u00f6l f\u00fcr strapazierte Gelenke und Knochen\" \/>\n<meta property=\"og:url\" content=\"https:\/\/www.balsamo-marmotta.com\/Shop\/deu\/produkt\/tiroler-murmeltierbalsam-balsamo-tirolese-di-marmotta\/\" \/>\n<meta property=\"og:site_name\" content=\"balsamo-marmotta.com\" \/>\n<meta property=\"article:modified_time\" content=\"2023-07-10T12:54:55+00:00\" \/>\n<meta property=\"og:image\" content=\"https:\/\/www.balsamo-marmotta.com\/Shop\/wp-content\/uploads\/2022\/04\/murmeltierbalsamgross.jpg\" \/>\n\t<meta property=\"og:image:width\" content=\"1360\" \/>\n\t<meta property=\"og:image:height\" content=\"855\" \/>\n\t<meta property=\"og:image:type\" content=\"image\/jpeg\" \/>\n<meta name=\"twitter:card\" content=\"summary_large_image\" \/>\n<meta name=\"twitter:label1\" content=\"Gesch\u00e4tzte Lesezeit\" \/>\n\t<meta name=\"twitter:data1\" content=\"1\u00a0Minute\" \/>\n<script type=\"application\/ld+json\" class=\"yoast-schema-graph\">{\"@context\":\"https:\/\/schema.org\",\"@graph\":[{\"@type\":\"WebPage\",\"@id\":\"https:\/\/www.balsamo-marmotta.com\/Shop\/deu\/produkt\/tiroler-murmeltierbalsam-balsamo-tirolese-di-marmotta\/\",\"url\":\"https:\/\/www.balsamo-marmotta.com\/Shop\/deu\/produkt\/tiroler-murmeltierbalsam-balsamo-tirolese-di-marmotta\/\",\"name\":\"Tiroler Murmeltierbalsam - balsamo-marmotta.com\",\"isPartOf\":{\"@id\":\"https:\/\/www.balsamo-marmotta.com\/Shop\/deu\/#website\"},\"primaryImageOfPage\":{\"@id\":\"https:\/\/www.balsamo-marmotta.com\/Shop\/deu\/produkt\/tiroler-murmeltierbalsam-balsamo-tirolese-di-marmotta\/#primaryimage\"},\"image\":{\"@id\":\"https:\/\/www.balsamo-marmotta.com\/Shop\/deu\/produkt\/tiroler-murmeltierbalsam-balsamo-tirolese-di-marmotta\/#primaryimage\"},\"thumbnailUrl\":\"https:\/\/www.balsamo-marmotta.com\/Shop\/wp-content\/uploads\/2022\/04\/murmeltierbalsamgross.jpg\",\"datePublished\":\"2022-04-02T08:33:23+00:00\",\"dateModified\":\"2023-07-10T12:54:55+00:00\",\"breadcrumb\":{\"@id\":\"https:\/\/www.balsamo-marmotta.com\/Shop\/deu\/produkt\/tiroler-murmeltierbalsam-balsamo-tirolese-di-marmotta\/#breadcrumb\"},\"inLanguage\":\"de\",\"potentialAction\":[{\"@type\":\"ReadAction\",\"target\":[\"https:\/\/www.balsamo-marmotta.com\/Shop\/deu\/produkt\/tiroler-murmeltierbalsam-balsamo-tirolese-di-marmotta\/\"]}]},{\"@type\":\"ImageObject\",\"inLanguage\":\"de\",\"@id\":\"https:\/\/www.balsamo-marmotta.com\/Shop\/deu\/produkt\/tiroler-murmeltierbalsam-balsamo-tirolese-di-marmotta\/#primaryimage\",\"url\":\"https:\/\/www.balsamo-marmotta.com\/Shop\/wp-content\/uploads\/2022\/04\/murmeltierbalsamgross.jpg\",\"contentUrl\":\"https:\/\/www.balsamo-marmotta.com\/Shop\/wp-content\/uploads\/2022\/04\/murmeltierbalsamgross.jpg\",\"width\":1360,\"height\":855},{\"@type\":\"BreadcrumbList\",\"@id\":\"https:\/\/www.balsamo-marmotta.com\/Shop\/deu\/produkt\/tiroler-murmeltierbalsam-balsamo-tirolese-di-marmotta\/#breadcrumb\",\"itemListElement\":[{\"@type\":\"ListItem\",\"position\":1,\"name\":\"Startseite\",\"item\":\"https:\/\/www.balsamo-marmotta.com\/Shop\/deu\/\"},{\"@type\":\"ListItem\",\"position\":2,\"name\":\"Unsere Produkte\",\"item\":\"https:\/\/www.balsamo-marmotta.com\/Shop\/deu\/\"},{\"@type\":\"ListItem\",\"position\":3,\"name\":\"Tiroler Murmeltierbalsam\"}]},{\"@type\":\"WebSite\",\"@id\":\"https:\/\/www.balsamo-marmotta.com\/Shop\/deu\/#website\",\"url\":\"https:\/\/www.balsamo-marmotta.com\/Shop\/deu\/\",\"name\":\"balsamo-marmotta.com\",\"description\":\"balsamo-marmotta.com\",\"publisher\":{\"@id\":\"https:\/\/www.balsamo-marmotta.com\/Shop\/deu\/#organization\"},\"potentialAction\":[{\"@type\":\"SearchAction\",\"target\":{\"@type\":\"EntryPoint\",\"urlTemplate\":\"https:\/\/www.balsamo-marmotta.com\/Shop\/deu\/?s={search_term_string}\"},\"query-input\":{\"@type\":\"PropertyValueSpecification\",\"valueRequired\":true,\"valueName\":\"search_term_string\"}}],\"inLanguage\":\"de\"},{\"@type\":\"Organization\",\"@id\":\"https:\/\/www.balsamo-marmotta.com\/Shop\/deu\/#organization\",\"name\":\"balsamo-marmotta.com\",\"url\":\"https:\/\/www.balsamo-marmotta.com\/Shop\/deu\/\",\"logo\":{\"@type\":\"ImageObject\",\"inLanguage\":\"de\",\"@id\":\"https:\/\/www.balsamo-marmotta.com\/Shop\/deu\/#\/schema\/logo\/image\/\",\"url\":\"https:\/\/www.balsamo-marmotta.com\/Shop\/wp-content\/uploads\/2023\/07\/logo_large.png\",\"contentUrl\":\"https:\/\/www.balsamo-marmotta.com\/Shop\/wp-content\/uploads\/2023\/07\/logo_large.png\",\"width\":383,\"height\":56,\"caption\":\"balsamo-marmotta.com\"},\"image\":{\"@id\":\"https:\/\/www.balsamo-marmotta.com\/Shop\/deu\/#\/schema\/logo\/image\/\"}}]}<\/script>\n<!-- \/ Yoast SEO plugin. -->","yoast_head_json":{"title":"Tiroler Murmeltierbalsam - balsamo-marmotta.com","robots":{"index":"index","follow":"follow","max-snippet":"max-snippet:-1","max-image-preview":"max-image-preview:large","max-video-preview":"max-video-preview:-1"},"canonical":"https:\/\/www.balsamo-marmotta.com\/Shop\/deu\/produkt\/tiroler-murmeltierbalsam-balsamo-tirolese-di-marmotta\/","og_locale":"de_DE","og_type":"article","og_title":"Tiroler Murmeltierbalsam - balsamo-marmotta.com","og_description":"Murmeltier\u00f6l f\u00fcr strapazierte Gelenke und Knochen","og_url":"https:\/\/www.balsamo-marmotta.com\/Shop\/deu\/produkt\/tiroler-murmeltierbalsam-balsamo-tirolese-di-marmotta\/","og_site_name":"balsamo-marmotta.com","article_modified_time":"2023-07-10T12:54:55+00:00","og_image":[{"width":1360,"height":855,"url":"https:\/\/www.balsamo-marmotta.com\/Shop\/wp-content\/uploads\/2022\/04\/murmeltierbalsamgross.jpg","type":"image\/jpeg"}],"twitter_card":"summary_large_image","twitter_misc":{"Gesch\u00e4tzte Lesezeit":"1\u00a0Minute"},"schema":{"@context":"https:\/\/schema.org","@graph":[{"@type":"WebPage","@id":"https:\/\/www.balsamo-marmotta.com\/Shop\/deu\/produkt\/tiroler-murmeltierbalsam-balsamo-tirolese-di-marmotta\/","url":"https:\/\/www.balsamo-marmotta.com\/Shop\/deu\/produkt\/tiroler-murmeltierbalsam-balsamo-tirolese-di-marmotta\/","name":"Tiroler Murmeltierbalsam - balsamo-marmotta.com","isPartOf":{"@id":"https:\/\/www.balsamo-marmotta.com\/Shop\/deu\/#website"},"primaryImageOfPage":{"@id":"https:\/\/www.balsamo-marmotta.com\/Shop\/deu\/produkt\/tiroler-murmeltierbalsam-balsamo-tirolese-di-marmotta\/#primaryimage"},"image":{"@id":"https:\/\/www.balsamo-marmotta.com\/Shop\/deu\/produkt\/tiroler-murmeltierbalsam-balsamo-tirolese-di-marmotta\/#primaryimage"},"thumbnailUrl":"https:\/\/www.balsamo-marmotta.com\/Shop\/wp-content\/uploads\/2022\/04\/murmeltierbalsamgross.jpg","datePublished":"2022-04-02T08:33:23+00:00","dateModified":"2023-07-10T12:54:55+00:00","breadcrumb":{"@id":"https:\/\/www.balsamo-marmotta.com\/Shop\/deu\/produkt\/tiroler-murmeltierbalsam-balsamo-tirolese-di-marmotta\/#breadcrumb"},"inLanguage":"de","potentialAction":[{"@type":"ReadAction","target":["https:\/\/www.balsamo-marmotta.com\/Shop\/deu\/produkt\/tiroler-murmeltierbalsam-balsamo-tirolese-di-marmotta\/"]}]},{"@type":"ImageObject","inLanguage":"de","@id":"https:\/\/www.balsamo-marmotta.com\/Shop\/deu\/produkt\/tiroler-murmeltierbalsam-balsamo-tirolese-di-marmotta\/#primaryimage","url":"https:\/\/www.balsamo-marmotta.com\/Shop\/wp-content\/uploads\/2022\/04\/murmeltierbalsamgross.jpg","contentUrl":"https:\/\/www.balsamo-marmotta.com\/Shop\/wp-content\/uploads\/2022\/04\/murmeltierbalsamgross.jpg","width":1360,"height":855},{"@type":"BreadcrumbList","@id":"https:\/\/www.balsamo-marmotta.com\/Shop\/deu\/produkt\/tiroler-murmeltierbalsam-balsamo-tirolese-di-marmotta\/#breadcrumb","itemListElement":[{"@type":"ListItem","position":1,"name":"Startseite","item":"https:\/\/www.balsamo-marmotta.com\/Shop\/deu\/"},{"@type":"ListItem","position":2,"name":"Unsere Produkte","item":"https:\/\/www.balsamo-marmotta.com\/Shop\/deu\/"},{"@type":"ListItem","position":3,"name":"Tiroler Murmeltierbalsam"}]},{"@type":"WebSite","@id":"https:\/\/www.balsamo-marmotta.com\/Shop\/deu\/#website","url":"https:\/\/www.balsamo-marmotta.com\/Shop\/deu\/","name":"balsamo-marmotta.com","description":"balsamo-marmotta.com","publisher":{"@id":"https:\/\/www.balsamo-marmotta.com\/Shop\/deu\/#organization"},"potentialAction":[{"@type":"SearchAction","target":{"@type":"EntryPoint","urlTemplate":"https:\/\/www.balsamo-marmotta.com\/Shop\/deu\/?s={search_term_string}"},"query-input":{"@type":"PropertyValueSpecification","valueRequired":true,"valueName":"search_term_string"}}],"inLanguage":"de"},{"@type":"Organization","@id":"https:\/\/www.balsamo-marmotta.com\/Shop\/deu\/#organization","name":"balsamo-marmotta.com","url":"https:\/\/www.balsamo-marmotta.com\/Shop\/deu\/","logo":{"@type":"ImageObject","inLanguage":"de","@id":"https:\/\/www.balsamo-marmotta.com\/Shop\/deu\/#\/schema\/logo\/image\/","url":"https:\/\/www.balsamo-marmotta.com\/Shop\/wp-content\/uploads\/2023\/07\/logo_large.png","contentUrl":"https:\/\/www.balsamo-marmotta.com\/Shop\/wp-content\/uploads\/2023\/07\/logo_large.png","width":383,"height":56,"caption":"balsamo-marmotta.com"},"image":{"@id":"https:\/\/www.balsamo-marmotta.com\/Shop\/deu\/#\/schema\/logo\/image\/"}}]}},"_links":{"self":[{"href":"https:\/\/www.balsamo-marmotta.com\/Shop\/deu\/wp-json\/wp\/v2\/product\/12","targetHints":{"allow":["GET"]}}],"collection":[{"href":"https:\/\/www.balsamo-marmotta.com\/Shop\/deu\/wp-json\/wp\/v2\/product"}],"about":[{"href":"https:\/\/www.balsamo-marmotta.com\/Shop\/deu\/wp-json\/wp\/v2\/types\/product"}],"wp:featuredmedia":[{"embeddable":true,"href":"https:\/\/www.balsamo-marmotta.com\/Shop\/deu\/wp-json\/wp\/v2\/media\/150"}],"wp:attachment":[{"href":"https:\/\/www.balsamo-marmotta.com\/Shop\/deu\/wp-json\/wp\/v2\/media?parent=12"}],"wp:term":[{"taxonomy":"product_cat","embeddable":true,"href":"https:\/\/www.balsamo-marmotta.com\/Shop\/deu\/wp-json\/wp\/v2\/product_cat?post=12"},{"taxonomy":"product_tag","embeddable":true,"href":"https:\/\/www.balsamo-marmotta.com\/Shop\/deu\/wp-json\/wp\/v2\/product_tag?post=12"}],"curies":[{"name":"wp","href":"https:\/\/api.w.org\/{rel}","templated":true}]}}