{"id":119,"date":"2022-11-18T07:42:29","date_gmt":"2022-11-18T07:42:29","guid":{"rendered":"http:\/\/localhost\/wordpress\/?post_type=product&#038;p=119"},"modified":"2023-07-10T13:08:35","modified_gmt":"2023-07-10T13:08:35","slug":"tiroler-weinlaubbalsam-balsamo-di-foglie-di-vite","status":"publish","type":"product","link":"https:\/\/www.balsamo-marmotta.com\/Shop\/deu\/produkt\/tiroler-weinlaubbalsam-balsamo-di-foglie-di-vite\/","title":{"rendered":"Tiroler Weinlaubbalsam"},"content":{"rendered":"<p>Tiroler Weinlaub &#8211; Wadl &#8211; Balsam &#8211; Kosmetik f\u00fcr strapazierte Beine. Wohltuende Beinpflege die Sie durch den ganzen Tag begleitet. Im Roten Weinlaub konnten Wissenschaftler hochkonzentrierte Sub-stanzen feststellen, die das Bindegewebe und die Gef\u00e4\u00dfe festigen und die feinen Venen Gef\u00e4\u00dfw\u00e4nde sch\u00fctzen. Weinlaub ist seit alther bekannt gegen geschwollene und m\u00fcde F\u00fc\u00dfe, ist durchblutungs-f\u00f6rdernd und hilft bei Venenproblemen.<\/p>\n<p><strong>Sch\u00fctzen Sie ihre Beine, denn Sie tragen Sie durchs ganze Leben!<\/strong><\/p>\n<p>Tiroler Weinlaub-Wadl-Balsam f\u00f6rdert die Durchblutung. Ideal nach langen Reisen, (Leistungs-) Sportaktivit\u00e4ten und nat\u00fcrlich auch nach langen Arbeitstagen.<\/p>\n<p><strong>Erfrischt und belebt! TirolerWeinlaub-Wadl-Balsam schafft Erholung und Frische f\u00fcr Ihre Beine.<\/strong><\/p>\n","protected":false},"excerpt":{"rendered":"<p>Tiroler Weinlaub &#8211; Wadl &#8211; Balsam &#8211; Kosmetik f\u00fcr strapazierte Beine. Wohltuende Beinpflege die Sie durch den ganzen Tag begleitet. Im Roten Weinlaub konnten Wissenschaftler hochkonzentrierte Sub-stanzen feststellen, die das [&hellip;]<\/p>\n","protected":false},"featured_media":127,"template":"","meta":[],"product_cat":[17],"product_tag":[],"class_list":{"0":"post-119","1":"product","2":"type-product","3":"status-publish","4":"has-post-thumbnail","6":"product_cat-balsam-und-cremen","8":"first","9":"instock","10":"shipping-taxable","11":"purchasable","12":"product-type-variable","13":"has-default-attributes"},"yoast_head":"<!-- This site is optimized with the Yoast SEO plugin v23.8 - https:\/\/yoast.com\/wordpress\/plugins\/seo\/ -->\n<title>Tiroler Weinlaubbalsam - balsamo-marmotta.com<\/title>\n<meta name=\"robots\" content=\"index, follow, max-snippet:-1, max-image-preview:large, max-video-preview:-1\" \/>\n<link rel=\"canonical\" href=\"https:\/\/www.balsamo-marmotta.com\/Shop\/deu\/produkt\/tiroler-weinlaubbalsam-balsamo-di-foglie-di-vite\/\" \/>\n<meta property=\"og:locale\" content=\"de_DE\" \/>\n<meta property=\"og:type\" content=\"article\" \/>\n<meta property=\"og:title\" content=\"Tiroler Weinlaubbalsam - balsamo-marmotta.com\" \/>\n<meta property=\"og:description\" content=\"Tiroler Weinlaub &#8211; Wadl &#8211; Balsam &#8211; Kosmetik f\u00fcr strapazierte Beine. Wohltuende Beinpflege die Sie durch den ganzen Tag begleitet. Im Roten Weinlaub konnten Wissenschaftler hochkonzentrierte Sub-stanzen feststellen, die das [&hellip;]\" \/>\n<meta property=\"og:url\" content=\"https:\/\/www.balsamo-marmotta.com\/Shop\/deu\/produkt\/tiroler-weinlaubbalsam-balsamo-di-foglie-di-vite\/\" \/>\n<meta property=\"og:site_name\" content=\"balsamo-marmotta.com\" \/>\n<meta property=\"article:modified_time\" content=\"2023-07-10T13:08:35+00:00\" \/>\n<meta property=\"og:image\" content=\"https:\/\/www.balsamo-marmotta.com\/Shop\/wp-content\/uploads\/2022\/11\/Tiroler-Weinlaubbalsam.jpg\" \/>\n\t<meta property=\"og:image:width\" content=\"1000\" \/>\n\t<meta property=\"og:image:height\" content=\"1000\" \/>\n\t<meta property=\"og:image:type\" content=\"image\/jpeg\" \/>\n<meta name=\"twitter:card\" content=\"summary_large_image\" \/>\n<meta name=\"twitter:label1\" content=\"Gesch\u00e4tzte Lesezeit\" \/>\n\t<meta name=\"twitter:data1\" content=\"1\u00a0Minute\" \/>\n<script type=\"application\/ld+json\" class=\"yoast-schema-graph\">{\"@context\":\"https:\/\/schema.org\",\"@graph\":[{\"@type\":\"WebPage\",\"@id\":\"https:\/\/www.balsamo-marmotta.com\/Shop\/deu\/produkt\/tiroler-weinlaubbalsam-balsamo-di-foglie-di-vite\/\",\"url\":\"https:\/\/www.balsamo-marmotta.com\/Shop\/deu\/produkt\/tiroler-weinlaubbalsam-balsamo-di-foglie-di-vite\/\",\"name\":\"Tiroler Weinlaubbalsam - balsamo-marmotta.com\",\"isPartOf\":{\"@id\":\"https:\/\/www.balsamo-marmotta.com\/Shop\/deu\/#website\"},\"primaryImageOfPage\":{\"@id\":\"https:\/\/www.balsamo-marmotta.com\/Shop\/deu\/produkt\/tiroler-weinlaubbalsam-balsamo-di-foglie-di-vite\/#primaryimage\"},\"image\":{\"@id\":\"https:\/\/www.balsamo-marmotta.com\/Shop\/deu\/produkt\/tiroler-weinlaubbalsam-balsamo-di-foglie-di-vite\/#primaryimage\"},\"thumbnailUrl\":\"https:\/\/www.balsamo-marmotta.com\/Shop\/wp-content\/uploads\/2022\/11\/Tiroler-Weinlaubbalsam.jpg\",\"datePublished\":\"2022-11-18T07:42:29+00:00\",\"dateModified\":\"2023-07-10T13:08:35+00:00\",\"breadcrumb\":{\"@id\":\"https:\/\/www.balsamo-marmotta.com\/Shop\/deu\/produkt\/tiroler-weinlaubbalsam-balsamo-di-foglie-di-vite\/#breadcrumb\"},\"inLanguage\":\"de\",\"potentialAction\":[{\"@type\":\"ReadAction\",\"target\":[\"https:\/\/www.balsamo-marmotta.com\/Shop\/deu\/produkt\/tiroler-weinlaubbalsam-balsamo-di-foglie-di-vite\/\"]}]},{\"@type\":\"ImageObject\",\"inLanguage\":\"de\",\"@id\":\"https:\/\/www.balsamo-marmotta.com\/Shop\/deu\/produkt\/tiroler-weinlaubbalsam-balsamo-di-foglie-di-vite\/#primaryimage\",\"url\":\"https:\/\/www.balsamo-marmotta.com\/Shop\/wp-content\/uploads\/2022\/11\/Tiroler-Weinlaubbalsam.jpg\",\"contentUrl\":\"https:\/\/www.balsamo-marmotta.com\/Shop\/wp-content\/uploads\/2022\/11\/Tiroler-Weinlaubbalsam.jpg\",\"width\":1000,\"height\":1000},{\"@type\":\"BreadcrumbList\",\"@id\":\"https:\/\/www.balsamo-marmotta.com\/Shop\/deu\/produkt\/tiroler-weinlaubbalsam-balsamo-di-foglie-di-vite\/#breadcrumb\",\"itemListElement\":[{\"@type\":\"ListItem\",\"position\":1,\"name\":\"Startseite\",\"item\":\"https:\/\/www.balsamo-marmotta.com\/Shop\/deu\/\"},{\"@type\":\"ListItem\",\"position\":2,\"name\":\"Unsere Produkte\",\"item\":\"https:\/\/www.balsamo-marmotta.com\/Shop\/deu\/\"},{\"@type\":\"ListItem\",\"position\":3,\"name\":\"Tiroler Weinlaubbalsam\"}]},{\"@type\":\"WebSite\",\"@id\":\"https:\/\/www.balsamo-marmotta.com\/Shop\/deu\/#website\",\"url\":\"https:\/\/www.balsamo-marmotta.com\/Shop\/deu\/\",\"name\":\"balsamo-marmotta.com\",\"description\":\"balsamo-marmotta.com\",\"publisher\":{\"@id\":\"https:\/\/www.balsamo-marmotta.com\/Shop\/deu\/#organization\"},\"potentialAction\":[{\"@type\":\"SearchAction\",\"target\":{\"@type\":\"EntryPoint\",\"urlTemplate\":\"https:\/\/www.balsamo-marmotta.com\/Shop\/deu\/?s={search_term_string}\"},\"query-input\":{\"@type\":\"PropertyValueSpecification\",\"valueRequired\":true,\"valueName\":\"search_term_string\"}}],\"inLanguage\":\"de\"},{\"@type\":\"Organization\",\"@id\":\"https:\/\/www.balsamo-marmotta.com\/Shop\/deu\/#organization\",\"name\":\"balsamo-marmotta.com\",\"url\":\"https:\/\/www.balsamo-marmotta.com\/Shop\/deu\/\",\"logo\":{\"@type\":\"ImageObject\",\"inLanguage\":\"de\",\"@id\":\"https:\/\/www.balsamo-marmotta.com\/Shop\/deu\/#\/schema\/logo\/image\/\",\"url\":\"https:\/\/www.balsamo-marmotta.com\/Shop\/wp-content\/uploads\/2023\/07\/logo_large.png\",\"contentUrl\":\"https:\/\/www.balsamo-marmotta.com\/Shop\/wp-content\/uploads\/2023\/07\/logo_large.png\",\"width\":383,\"height\":56,\"caption\":\"balsamo-marmotta.com\"},\"image\":{\"@id\":\"https:\/\/www.balsamo-marmotta.com\/Shop\/deu\/#\/schema\/logo\/image\/\"}}]}<\/script>\n<!-- \/ Yoast SEO plugin. -->","yoast_head_json":{"title":"Tiroler Weinlaubbalsam - balsamo-marmotta.com","robots":{"index":"index","follow":"follow","max-snippet":"max-snippet:-1","max-image-preview":"max-image-preview:large","max-video-preview":"max-video-preview:-1"},"canonical":"https:\/\/www.balsamo-marmotta.com\/Shop\/deu\/produkt\/tiroler-weinlaubbalsam-balsamo-di-foglie-di-vite\/","og_locale":"de_DE","og_type":"article","og_title":"Tiroler Weinlaubbalsam - balsamo-marmotta.com","og_description":"Tiroler Weinlaub &#8211; Wadl &#8211; Balsam &#8211; Kosmetik f\u00fcr strapazierte Beine. Wohltuende Beinpflege die Sie durch den ganzen Tag begleitet. Im Roten Weinlaub konnten Wissenschaftler hochkonzentrierte Sub-stanzen feststellen, die das [&hellip;]","og_url":"https:\/\/www.balsamo-marmotta.com\/Shop\/deu\/produkt\/tiroler-weinlaubbalsam-balsamo-di-foglie-di-vite\/","og_site_name":"balsamo-marmotta.com","article_modified_time":"2023-07-10T13:08:35+00:00","og_image":[{"width":1000,"height":1000,"url":"https:\/\/www.balsamo-marmotta.com\/Shop\/wp-content\/uploads\/2022\/11\/Tiroler-Weinlaubbalsam.jpg","type":"image\/jpeg"}],"twitter_card":"summary_large_image","twitter_misc":{"Gesch\u00e4tzte Lesezeit":"1\u00a0Minute"},"schema":{"@context":"https:\/\/schema.org","@graph":[{"@type":"WebPage","@id":"https:\/\/www.balsamo-marmotta.com\/Shop\/deu\/produkt\/tiroler-weinlaubbalsam-balsamo-di-foglie-di-vite\/","url":"https:\/\/www.balsamo-marmotta.com\/Shop\/deu\/produkt\/tiroler-weinlaubbalsam-balsamo-di-foglie-di-vite\/","name":"Tiroler Weinlaubbalsam - balsamo-marmotta.com","isPartOf":{"@id":"https:\/\/www.balsamo-marmotta.com\/Shop\/deu\/#website"},"primaryImageOfPage":{"@id":"https:\/\/www.balsamo-marmotta.com\/Shop\/deu\/produkt\/tiroler-weinlaubbalsam-balsamo-di-foglie-di-vite\/#primaryimage"},"image":{"@id":"https:\/\/www.balsamo-marmotta.com\/Shop\/deu\/produkt\/tiroler-weinlaubbalsam-balsamo-di-foglie-di-vite\/#primaryimage"},"thumbnailUrl":"https:\/\/www.balsamo-marmotta.com\/Shop\/wp-content\/uploads\/2022\/11\/Tiroler-Weinlaubbalsam.jpg","datePublished":"2022-11-18T07:42:29+00:00","dateModified":"2023-07-10T13:08:35+00:00","breadcrumb":{"@id":"https:\/\/www.balsamo-marmotta.com\/Shop\/deu\/produkt\/tiroler-weinlaubbalsam-balsamo-di-foglie-di-vite\/#breadcrumb"},"inLanguage":"de","potentialAction":[{"@type":"ReadAction","target":["https:\/\/www.balsamo-marmotta.com\/Shop\/deu\/produkt\/tiroler-weinlaubbalsam-balsamo-di-foglie-di-vite\/"]}]},{"@type":"ImageObject","inLanguage":"de","@id":"https:\/\/www.balsamo-marmotta.com\/Shop\/deu\/produkt\/tiroler-weinlaubbalsam-balsamo-di-foglie-di-vite\/#primaryimage","url":"https:\/\/www.balsamo-marmotta.com\/Shop\/wp-content\/uploads\/2022\/11\/Tiroler-Weinlaubbalsam.jpg","contentUrl":"https:\/\/www.balsamo-marmotta.com\/Shop\/wp-content\/uploads\/2022\/11\/Tiroler-Weinlaubbalsam.jpg","width":1000,"height":1000},{"@type":"BreadcrumbList","@id":"https:\/\/www.balsamo-marmotta.com\/Shop\/deu\/produkt\/tiroler-weinlaubbalsam-balsamo-di-foglie-di-vite\/#breadcrumb","itemListElement":[{"@type":"ListItem","position":1,"name":"Startseite","item":"https:\/\/www.balsamo-marmotta.com\/Shop\/deu\/"},{"@type":"ListItem","position":2,"name":"Unsere Produkte","item":"https:\/\/www.balsamo-marmotta.com\/Shop\/deu\/"},{"@type":"ListItem","position":3,"name":"Tiroler Weinlaubbalsam"}]},{"@type":"WebSite","@id":"https:\/\/www.balsamo-marmotta.com\/Shop\/deu\/#website","url":"https:\/\/www.balsamo-marmotta.com\/Shop\/deu\/","name":"balsamo-marmotta.com","description":"balsamo-marmotta.com","publisher":{"@id":"https:\/\/www.balsamo-marmotta.com\/Shop\/deu\/#organization"},"potentialAction":[{"@type":"SearchAction","target":{"@type":"EntryPoint","urlTemplate":"https:\/\/www.balsamo-marmotta.com\/Shop\/deu\/?s={search_term_string}"},"query-input":{"@type":"PropertyValueSpecification","valueRequired":true,"valueName":"search_term_string"}}],"inLanguage":"de"},{"@type":"Organization","@id":"https:\/\/www.balsamo-marmotta.com\/Shop\/deu\/#organization","name":"balsamo-marmotta.com","url":"https:\/\/www.balsamo-marmotta.com\/Shop\/deu\/","logo":{"@type":"ImageObject","inLanguage":"de","@id":"https:\/\/www.balsamo-marmotta.com\/Shop\/deu\/#\/schema\/logo\/image\/","url":"https:\/\/www.balsamo-marmotta.com\/Shop\/wp-content\/uploads\/2023\/07\/logo_large.png","contentUrl":"https:\/\/www.balsamo-marmotta.com\/Shop\/wp-content\/uploads\/2023\/07\/logo_large.png","width":383,"height":56,"caption":"balsamo-marmotta.com"},"image":{"@id":"https:\/\/www.balsamo-marmotta.com\/Shop\/deu\/#\/schema\/logo\/image\/"}}]}},"_links":{"self":[{"href":"https:\/\/www.balsamo-marmotta.com\/Shop\/deu\/wp-json\/wp\/v2\/product\/119","targetHints":{"allow":["GET"]}}],"collection":[{"href":"https:\/\/www.balsamo-marmotta.com\/Shop\/deu\/wp-json\/wp\/v2\/product"}],"about":[{"href":"https:\/\/www.balsamo-marmotta.com\/Shop\/deu\/wp-json\/wp\/v2\/types\/product"}],"wp:featuredmedia":[{"embeddable":true,"href":"https:\/\/www.balsamo-marmotta.com\/Shop\/deu\/wp-json\/wp\/v2\/media\/127"}],"wp:attachment":[{"href":"https:\/\/www.balsamo-marmotta.com\/Shop\/deu\/wp-json\/wp\/v2\/media?parent=119"}],"wp:term":[{"taxonomy":"product_cat","embeddable":true,"href":"https:\/\/www.balsamo-marmotta.com\/Shop\/deu\/wp-json\/wp\/v2\/product_cat?post=119"},{"taxonomy":"product_tag","embeddable":true,"href":"https:\/\/www.balsamo-marmotta.com\/Shop\/deu\/wp-json\/wp\/v2\/product_tag?post=119"}],"curies":[{"name":"wp","href":"https:\/\/api.w.org\/{rel}","templated":true}]}}