{"id":3,"date":"2022-04-02T08:17:33","date_gmt":"2022-04-02T08:17:33","guid":{"rendered":"http:\/?page_id=3"},"modified":"2022-11-29T10:09:24","modified_gmt":"2022-11-29T10:09:24","slug":"privacy-policy","status":"publish","type":"page","link":"https:\/\/www.balsamo-marmotta.com\/Shop\/deu\/privacy-policy\/","title":{"rendered":"Privacy \/ Datenschutz"},"content":{"rendered":"<h2 class=\"wp-block-heading\">INFORMATIONEN ZUR VERARBEITUNG PERSONENBEZOGENER DATEN<\/h2><p>Gem\u00e4\u00df des Artikels 12 und der folgenden Artikel der Verordnung (EU) 2016\/679 (\u201eGDPR\u201c oder \u201eVerordnung\u201c) und im Allgemeinen unter Beachtung des in dieser Verordnung enthaltenen Transparenzgrundsatzes \u00fcbermittelt das Unternehmen Lukas Hofer, das die Website www.balsamo-marmotta.com besitzt und verwaltet, die folgenden Informationen \u00fcber die Verarbeitung personenbezogener Daten (d.h., alle Informationen \u00fcber eine identifizierte oder identifizierbare nat\u00fcrliche Person: &#8222;betroffene Person&#8220;) im Zusammenhang mit der Navigation auf der Website www.balsamo-marmotta.com (&#8222;Website&#8220;) und der Interaktion durch den Benutzer.<br>Es wird darauf hingewiesen, dass diese Informationen daher nicht f\u00fcr andere Websites gelten, die vom Benutzer \u00fcber Links auf der Website, einschlie\u00dflich Links zu sozialen Medien, konsultiert werden k\u00f6nnen; in diesem Zusammenhang ist es ratsam, besonders darauf zu achten, dass bei der Interaktion (auch \u00fcber die Tools auf der Website) mit sozialen Netzwerken in jedem Fall Cookies von Dritten aktiviert werden k\u00f6nnen, die somit Daten in Bezug auf die Navigation sammeln k\u00f6nnen (wir laden Sie daher ein, vorab die entsprechenden Informationshinweise zu sozialen Medien zu lesen.<\/p><h2 class=\"wp-block-heading\">VERANTWORTLICHER DER DATENVERARBEITUNG<\/h2><p>Verantwortlich f\u00fcr die Datenverarbeitung (also das Rechtssubjekt, das den Zweck und die Mittel der Verarbeitung personenbezogener Daten festlegt) ist das Unternehmen Lukas Hofer, mit Sitz in Innichen, Kranzhofweg 4, MwSt. Nr. 02433510217, Tel. +39 3351050125, PEC hofer@arubapec.it. F\u00fcr Kontaktaufnahmen, speziell im Zusammenhang mit dem Schutz personenbezogener Daten, einschlie\u00dflich der Aus\u00fcbung der Rechte, wird insbesondere die folgende E-Mail-Adresse genannt: info@balsamo-marmotta.com. Wir bitten Sie, etwaige Anfragen an diese Adresse zu senden<\/p><p><\/p><h2 class=\"wp-block-heading\">NAVIGATIONSDATEN DES BENUTZERS<\/h2><p>Die IT-Systeme und Computerprogramme, die f\u00fcr das Funktionieren der Webseite verwendet werden, sammeln einige pers\u00f6nliche Daten, deren \u00dcbertragung in der Nutzung von Internet-Kommunikations-Protokollen implizit ist (z.B. IP-Adressen oder Dom\u00e4nennamen von Computern, die von Benutzern bei der Verbindung mit der Website verwendet werden , die URI-Adressen -Uniform Resource Identifier- der angeforderten Ressourcen, die Zeit der Anfrage, das angewandte Verfahren um die Anfrage an den Server zu senden, die Gr\u00f6\u00dfe der erhaltenen Datei, der numerische Code \u00fcber den Status der vom Server gegebenen Antwort \u2013 Erfolg, Fehler, etc. \u2013 und andere Parameter im Zusammenhang mit dem Betriebssystem und der IT-Umgebung des Benutzers).<br>Obwohl es sich um Informationen handelt, die nicht gesammelt werden, um mit identifizierten Nutzern assoziiert zu werden, k\u00f6nnen sie naturgem\u00e4\u00df durch Verarbeitungen und Assoziationen mit Daten, die von Dritten gehalten werden, die Identifizierung der Nutzer erm\u00f6glichen.<br>Diese Daten dienen ausschlie\u00dflich dem Zweck, statistische Informationen \u00fcber die Nutzung der Website zu erhalten, die nicht mit den Daten zur Identifizierung des Benutzers in Verbindung stehen, sowie zur \u00dcberpr\u00fcfung des korrekten Funktionierens der Website und werden unmittelbar nach der Verarbeitung gel\u00f6scht.<br>Die Daten k\u00f6nnten f\u00fcr die Beurteilung der Haftung im Falle von Computer-Kriminalit\u00e4t gegen die Webseite verwendet werden.<br>Die rechtliche Grundlage der Verarbeitung ist daher das berechtigte Interesse des Verantwortlichen am Betrieb und an der Sicherheit der Website.<\/p><h2 class=\"wp-block-heading\">COOKIES<\/h2><p><strong class=\"privacy-policy-tutorial\">Die Site verwendet ausschlie\u00dflich technische Cookies: Google Analytics, Hotjar.<\/strong><\/p><h2 class=\"wp-block-heading\">VOM BENUTZER FREIWILLIG ZUR VERF\u00dcGUNG GESTELLTE DATEN<\/h2><p>F\u00fcr das Aufrufen der Website werden vom Benutzer keine pers\u00f6nlichen Daten verlangt.<br>Jegliche Kontaktaufnahme mit dem Verantwortlichen oder die fakultative, ausdr\u00fcckliche und spontane Zusendung von Nachrichten, elektronisch oder auf dem herk\u00f6mmlichen Postweg, an die auf der Website angegebenen Adressen des Verantwortlichen oder das Ausf\u00fcllen der Felder im Abschnitt &#8222;Kontakte&#8220; beinhaltet jedoch die anschlie\u00dfende Erfassung der Adresse, einschlie\u00dflich E-Mail, des Absenders oder der entsprechenden Telefonnummer, die f\u00fcr die Beantwortung der Anfragen erforderlich sind, sowie aller anderen pers\u00f6nlichen Daten, die in den entsprechenden Mitteilungen enthalten sind.<br>Diese Daten werden ausschlie\u00dflich zur Beantwortung der Anfrage der betroffenen Person verwendet und d\u00fcrfen nur dann an Dritte weitergegeben werden, wenn dies f\u00fcr diesen Zweck erforderlich ist.<br>Die Verarbeitung der Daten zu diesen Zwecken bedarf nicht der Zustimmung der betroffenen Person, da die Verarbeitung f\u00fcr die Erf\u00fcllung eines Vertrags, dessen Vertragspartei der Nutzer ist, oder f\u00fcr die Durchf\u00fchrung vorvertraglicher Ma\u00dfnahmen, die auf Antrag des Nutzers getroffen werden, erforderlich ist (Art. 6 Absatz 1 Buchstabe b) der Verordnung).<br>Der Benutzer kann auch \u00fcber den entsprechenden Abschnitt der Website unseren Newsletter abonnieren, um regelm\u00e4\u00dfig Informationen \u00fcber unsere Dienstleistungen zu erhalten; in diesem Fall erfolgt die Verarbeitung personenbezogener Daten zu diesem Zweck auf der Grundlage der Einwilligung des Benutzers, die dieser jederzeit widerrufen kann, und die fehlende Einwilligung oder die fehlende Bereitstellung von Daten hat keine Auswirkungen auf das m\u00f6gliche Vertragsverh\u00e4ltnis.<br>Die Verarbeitung personenbezogener Daten wird von Personal durchgef\u00fchrt, das vom Verantwortlichen geschult und autorisiert wurde, mit Verfahren, technischen und IT-Tools, die geeignet sind, die Vertraulichkeit und Sicherheit dieser Daten zu sch\u00fctzen.<br>Diese pers\u00f6nlichen Daten werden f\u00fcr den Zeitraum aufbewahrt, der unbedingt notwendig ist, um der betroffenen Person die Antworten auf die gestellten Anfragen zu liefern, und w\u00e4hrend der G\u00fcltigkeitsdauer des Kostenvoranschlags, ohne Beeintr\u00e4chtigung weiterer gesetzlich vorgesehener Aufbewahrungspflichten. Anl\u00e4sslich des m\u00f6glichen Vertragsabschlusses werden die entsprechenden spezifischen Informationen \u00fcber die Verarbeitung personenbezogener Daten unverz\u00fcglich zur Verf\u00fcgung gestellt.<br>Das Abonnement des Newsletters &#8211; es sei denn, der Widerruf der Einwilligung f\u00fchrt zur sofortigen L\u00f6schung der Daten &#8211; wird f\u00fcr 48 Monate ab dem Ausdruck der Einwilligung oder deren Erneuerung aufrechterhalten.<br>Pers\u00f6nliche Daten werden nicht weitergegeben.<br>Im Rahmen seiner T\u00e4tigkeit und f\u00fcr die oben genannten Zwecke kann der Verantwortliche Dienstleistungen von Dritten in Anspruch nehmen, die entweder als unabh\u00e4ngige Verantwortliche oder in seinem Namen und nach seinen Anweisungen als Auftragsverarbeiter t\u00e4tig sind.<br>Dabei handelt es sich um Subjekte, die dem Verantwortlichen Verarbeitungs- oder instrumentelle Dienste zur Verf\u00fcgung stellen. Sie k\u00f6nnen eine vollst\u00e4ndige und aktuelle Liste der als Auftragsverarbeiter ernannten Subjekte anfordern, indem Sie sich an einen der unten angegebenen Ansprechpartner wenden.<br>Es ist nicht beabsichtigt, pers\u00f6nliche Daten in L\u00e4nder, die nicht Mitglieder der Europ\u00e4ischen Union sind, oder an internationale Organisationen zu \u00fcbermitteln.<\/p><h2 class=\"wp-block-heading\">RECHTE DER BETROFFENEN PERSONEN<\/h2><p>Die GDPR weist der betroffenen Person die Aus\u00fcbung der folgenden Rechte in Bezug auf die sie betreffenden pers\u00f6nlichen Daten zu (die zusammenfassende Beschreibung ist indikativ, f\u00fcr die vollst\u00e4ndige Darlegung der Rechte, einschlie\u00dflich der Einschr\u00e4nkungen derselben, verweisen wir auf die Verordnungen und insbesondere auf die Artikel 15-22):<\/p><ul class=\"wp-block-list\"><li>Zugang zu den personenbezogenen Daten (die betroffene Person hat daher das Recht, unentgeltlich Informationen \u00fcber die vom Verantwortlichen gehaltenen pers\u00f6nlichen Daten sowie eine Kopie derselben in einem zug\u00e4nglichen Format zu erhalten);<\/li>\n\n<li>Berichtigung der Daten (auf Anfrage des Betroffenen wird eine Berichtigung oder Erg\u00e4nzung der personenbezogener Daten &#8211; die nicht Ausdruck von Bewertungselementen sind -, die unrichtig oder ungenau sind, auch wenn sie unrichtig oder ungenau geworden sind, weil sie nicht aktualisiert wurden, vorgenommen));-L\u00f6schung personenbezogener Daten (Recht auf Vergessenwerden) (z.B. wenn die Daten sind im Hinblick auf die Zwecke, f\u00fcr die sie erhoben oder verarbeitet wurden, nicht mehr erforderlich sind; sie unrechtm\u00e4\u00dfig verarbeitet wurden; um einer rechtlichen Verpflichtung nachzukommen; bei Widerruf der Einwilligung der betroffenen Person und keiner anderen bestehenden Rechtsgrundlage f\u00fcr die Verarbeitung; wenn die betroffene Person sich, wenn die Voraussetzungen gegeben sind, der Verarbeitung widersetzt);<\/li>\n\n<li>Einschr\u00e4nkung der Verarbeitung (in bestimmten F\u00e4llen &#8211; Anfechtung der Richtigkeit der Daten innerhalb der f\u00fcr die \u00dcberpr\u00fcfung erforderlichen Zeit; Anfechtung der Rechtm\u00e4\u00dfigkeit der Verarbeitung mit Widerspruch gegen die L\u00f6schung; Notwendigkeit, sie f\u00fcr die Verteidigungsrechte der betroffenen Person zu verwenden, obwohl sie f\u00fcr die Zwecke der Verarbeitung nicht mehr n\u00fctzlich sind; wenn es Widerspruch gegen eine Verarbeitung gibt, w\u00e4hrend die notwendigen Kontrollen durchgef\u00fchrt werden &#8211; die Daten werden so gespeichert, dass sie erforderlichenfalls wiederhergestellt werden k\u00f6nnen, aber in der Zwischenzeit k\u00f6nnen sie vom Verantwortlichen nicht eingesehen werden, es sei denn im Zusammenhang mit der \u00dcberpr\u00fcfung der G\u00fcltigkeit des Antrags auf Einschr\u00e4nkung durch die betroffene Partei oder mit Zustimmung der betroffenen Partei oder zur Begr\u00fcndung, Aus\u00fcbung oder Verteidigung eines Rechts vor Gericht oder zum Schutz der Rechte einer anderen nat\u00fcrlichen oder juristischen Person oder aus Gr\u00fcnden des einschl\u00e4gigen \u00f6ffentlichen Interesses der Union oder eines Mitgliedstaats);<\/li>\n\n<li>vollst\u00e4ndiger oder teilweiser Widerspruch aus Gr\u00fcnden, die mit der besonderen Situation der betroffenen Person zusammenh\u00e4ngen, gegen die auf der Grundlage des berechtigten Interesses durchgef\u00fchrte Verarbeitung (und unter bestimmten Umst\u00e4nden kann die betroffene Person in jedem Fall gegen die Verarbeitung seiner personenbezogenen Daten Einspruch erheben:: Werden personenbezogene Daten f\u00fcr Zwecke des Direktmarketings verarbeitet, hat die betroffene Person das Recht, jederzeit gegen die Verarbeitung Widerspruch einzulegen, einschlie\u00dflich der Erstellung von Nutzerprofilen, sofern diese mit diesem Direktmarketing in Zusammenhang stehen). Es ist jedoch zu beachten, dass im konkreten Fall der Versand des Newsletters auf der Grundlage der von der betroffenen Person erteilten Einwilligung erfolgt und daher der einfache Widerruf der Einwilligung durch diesen ausreicht, um die Verarbeitung zu beenden);<\/li>\n\n<li>Daten\u00fcbertragbarkeit (wenn die Verarbeitung auf der Grundlage einer Einwilligung oder eines Vertrags erfolgt und mit automatisierten Mitteln durchgef\u00fchrt wird, erh\u00e4lt die betroffene Person auf ihren Antrag hin die sie betreffenden personenbezogenen Daten in einem strukturierten, allgemein verwendeten und maschinenlesbaren Format und kann sie an einen anderen Verantwortlichen ohne Behinderung durch den Verantwortlichen, dem sie die Daten zur Verf\u00fcgung gestellt hat, \u00fcbermitteln und, sofern technisch m\u00f6glich, diese \u00dcbermittlung direkt von diesem erhalten).<br>Die betroffene Person hat auch das Recht, eine Beschwerde bei der Aufsichtsbeh\u00f6rde (Garante per la Protezione dei dati personali) einzureichen, falls sie der Meinung ist, dass die sie betreffende Verarbeitung gegen die Anforderungen der Gesetzgebung zum Schutz personenbezogener Daten verst\u00f6\u00dft; die Aufsichtsbeh\u00f6rde kann \u00fcber die auf der Website der Beh\u00f6rde selbst angegebenen Kontaktdaten &#8222;www.garanteprivacy.it&#8220; kontaktiert werden. In jedem Fall m\u00f6chten wir die M\u00f6glichkeit haben, im Voraus auf die Bedenken der betroffenen Personen einzugehen, die sich an die E-Mail-Adresse info@balsamo-marmotta.com oder an die anderen oben angegebenen Kontaktdaten des Verantwortlichen wenden k\u00f6nnen, um sich \u00fcber die Verarbeitung der sie betreffenden personenbezogenen Daten und die Aus\u00fcbung ihrer Rechte zu informieren.<\/li><\/ul><h2 class=\"wp-block-heading\">Allgemeine Gesch\u00e4ftsbedingungen<\/h2><p><strong class=\"privacy-policy-tutorial\">Kaufvertrag im Internet<\/strong><\/p><p>Bei Bestellung \u00fcber Internet wird der Kaufvertrag erst g\u00fcltig, nachdem der Verk\u00e4ufer die Bestellung an die E-Mail-Adresse des K\u00e4ufers best\u00e4tigt hat.<br><strong>Datenschutz &#8211; Privacy<br><\/strong>Ihre Daten werden im Sinne des Art. 13 DS-GVO 2016\/679 (Verordnung des Europ\u00e4ischen Parlaments und des Rates) verarbeitet. Zust\u00e4ndig f\u00fcr die Behandlung der Daten ist die Firma Lukas Hofer, Kranzhofweg 4, 39038 Innichen.<br>\u00bb Weitere Informationen zum Datenschutz<br><strong>Preise<\/strong><br>Unsere Preise enthalten die gesetzliche Mehrwertsteuer und verstehen sich zuz\u00fcglich Versandkosten. Der zum Zeitpunkt der Bestellung aktuelle Preis ist verbindlich.<br><strong>Bezahlung<\/strong><br>Bei Zustellung \u00fcber die Post erfolgt die Bezahlung als Vorauskasse mittels Bank\u00fcberweisung.<br><strong>Eigentumsvorbehalt<\/strong><br>Die gelieferte Ware bleibt bis zur vollst\u00e4ndigen Bezahlung s\u00e4mtlicher Forderungen aus den Verkaufsbedingungen zwischen dem K\u00e4ufer und dem Verk\u00e4ufer, Eigentum des Verk\u00e4ufers.<br><strong>Lieferbedingungen<\/strong><br>Die Lieferung ist bei Empfang auf Vollst\u00e4ndigkeit und Besch\u00e4digung hin zu pr\u00fcfen. Bei dem Verdacht auf Transportsch\u00e4den oder bei fehlender Ware, ist die Originalverpackung unbedingt aufzubewahren. Verbindliche Liefertermine sind ausdr\u00fccklich ausgeschlossen<br><strong>R\u00fccksendungen von Waren<\/strong><br>F\u00fcr R\u00fccksendungen von Waren ben\u00f6tigt der K\u00e4ufer eine R\u00fccksendungsnummer und eine Kopie des Kaufbeleges. R\u00fccksendungen ohne R\u00fccksendungsnummer werden nicht angenommen, sondern auf Kosten des K\u00e4ufers umgehend zur\u00fcckgesandt. Der K\u00e4ufer tr\u00e4gt Kosten und Risiko f\u00fcr R\u00fccksendungen. Falschlieferungen werden nur in unbesch\u00e4digter, unge\u00f6ffneter, nicht beschrifteter und nicht beklebter Originalverpackung zur\u00fcckgenommen.<br><strong>Haftung<\/strong><br>F\u00fcr verkaufte Produkte sind die Garantiebedingungen des jeweiligen Herstellers g\u00fcltig. Die Haftung der gesetzlichen Vertreter, und der Betriebsangeh\u00f6rigen des Verk\u00e4ufers gegen\u00fcber dem K\u00e4ufer wird au\u00dfer in F\u00e4llen der Vors\u00e4tzlichkeit und der groben Fahrl\u00e4ssigkeit ausgeschlossen.<br><strong>Gerichtstand<\/strong><br>F\u00fcr Klagen ist das Gericht in Bozen\/Italien zust\u00e4ndig.<br><strong>Sonstiges<\/strong><br>Irrt\u00fcmer, technische Fehlinformationen sowie Schreibfehler sind vorbehalten.<\/p>","protected":false},"excerpt":{"rendered":"<p>INFORMATIONEN ZUR VERARBEITUNG PERSONENBEZOGENER DATEN Gem\u00e4\u00df des Artikels 12 und der folgenden Artikel der Verordnung (EU) 2016\/679 (\u201eGDPR\u201c oder \u201eVerordnung\u201c) und im Allgemeinen unter Beachtung des in dieser Verordnung enthaltenen [&hellip;]<\/p>\n","protected":false},"author":1,"featured_media":0,"parent":0,"menu_order":0,"comment_status":"closed","ping_status":"open","template":"","meta":{"footnotes":""},"class_list":["post-3","page","type-page","status-publish","hentry"],"yoast_head":"<!-- This site is optimized with the Yoast SEO plugin v23.8 - https:\/\/yoast.com\/wordpress\/plugins\/seo\/ -->\n<title>Privacy \/ Datenschutz - balsamo-marmotta.com<\/title>\n<meta name=\"robots\" content=\"index, follow, max-snippet:-1, max-image-preview:large, max-video-preview:-1\" \/>\n<link rel=\"canonical\" href=\"https:\/\/www.balsamo-marmotta.com\/Shop\/deu\/privacy-policy\/\" \/>\n<meta property=\"og:locale\" content=\"de_DE\" \/>\n<meta property=\"og:type\" content=\"article\" \/>\n<meta property=\"og:title\" content=\"Privacy \/ Datenschutz - balsamo-marmotta.com\" \/>\n<meta property=\"og:description\" content=\"INFORMATIONEN ZUR VERARBEITUNG PERSONENBEZOGENER DATEN Gem\u00e4\u00df des Artikels 12 und der folgenden Artikel der Verordnung (EU) 2016\/679 (\u201eGDPR\u201c oder \u201eVerordnung\u201c) und im Allgemeinen unter Beachtung des in dieser Verordnung enthaltenen [&hellip;]\" \/>\n<meta property=\"og:url\" content=\"https:\/\/www.balsamo-marmotta.com\/Shop\/deu\/privacy-policy\/\" \/>\n<meta property=\"og:site_name\" content=\"balsamo-marmotta.com\" \/>\n<meta property=\"article:modified_time\" content=\"2022-11-29T10:09:24+00:00\" \/>\n<meta name=\"twitter:card\" content=\"summary_large_image\" \/>\n<meta name=\"twitter:label1\" content=\"Gesch\u00e4tzte Lesezeit\" \/>\n\t<meta name=\"twitter:data1\" content=\"10\u00a0Minuten\" \/>\n<script type=\"application\/ld+json\" class=\"yoast-schema-graph\">{\"@context\":\"https:\/\/schema.org\",\"@graph\":[{\"@type\":\"WebPage\",\"@id\":\"https:\/\/www.balsamo-marmotta.com\/Shop\/deu\/privacy-policy\/\",\"url\":\"https:\/\/www.balsamo-marmotta.com\/Shop\/deu\/privacy-policy\/\",\"name\":\"Privacy \/ Datenschutz - balsamo-marmotta.com\",\"isPartOf\":{\"@id\":\"https:\/\/www.balsamo-marmotta.com\/Shop\/deu\/#website\"},\"datePublished\":\"2022-04-02T08:17:33+00:00\",\"dateModified\":\"2022-11-29T10:09:24+00:00\",\"breadcrumb\":{\"@id\":\"https:\/\/www.balsamo-marmotta.com\/Shop\/deu\/privacy-policy\/#breadcrumb\"},\"inLanguage\":\"de\",\"potentialAction\":[{\"@type\":\"ReadAction\",\"target\":[\"https:\/\/www.balsamo-marmotta.com\/Shop\/deu\/privacy-policy\/\"]}]},{\"@type\":\"BreadcrumbList\",\"@id\":\"https:\/\/www.balsamo-marmotta.com\/Shop\/deu\/privacy-policy\/#breadcrumb\",\"itemListElement\":[{\"@type\":\"ListItem\",\"position\":1,\"name\":\"Startseite\",\"item\":\"https:\/\/www.balsamo-marmotta.com\/Shop\/deu\/\"},{\"@type\":\"ListItem\",\"position\":2,\"name\":\"Privacy \/ Datenschutz\"}]},{\"@type\":\"WebSite\",\"@id\":\"https:\/\/www.balsamo-marmotta.com\/Shop\/deu\/#website\",\"url\":\"https:\/\/www.balsamo-marmotta.com\/Shop\/deu\/\",\"name\":\"balsamo-marmotta.com\",\"description\":\"balsamo-marmotta.com\",\"publisher\":{\"@id\":\"https:\/\/www.balsamo-marmotta.com\/Shop\/deu\/#organization\"},\"potentialAction\":[{\"@type\":\"SearchAction\",\"target\":{\"@type\":\"EntryPoint\",\"urlTemplate\":\"https:\/\/www.balsamo-marmotta.com\/Shop\/deu\/?s={search_term_string}\"},\"query-input\":{\"@type\":\"PropertyValueSpecification\",\"valueRequired\":true,\"valueName\":\"search_term_string\"}}],\"inLanguage\":\"de\"},{\"@type\":\"Organization\",\"@id\":\"https:\/\/www.balsamo-marmotta.com\/Shop\/deu\/#organization\",\"name\":\"balsamo-marmotta.com\",\"url\":\"https:\/\/www.balsamo-marmotta.com\/Shop\/deu\/\",\"logo\":{\"@type\":\"ImageObject\",\"inLanguage\":\"de\",\"@id\":\"https:\/\/www.balsamo-marmotta.com\/Shop\/deu\/#\/schema\/logo\/image\/\",\"url\":\"https:\/\/www.balsamo-marmotta.com\/Shop\/wp-content\/uploads\/2023\/07\/logo_large.png\",\"contentUrl\":\"https:\/\/www.balsamo-marmotta.com\/Shop\/wp-content\/uploads\/2023\/07\/logo_large.png\",\"width\":383,\"height\":56,\"caption\":\"balsamo-marmotta.com\"},\"image\":{\"@id\":\"https:\/\/www.balsamo-marmotta.com\/Shop\/deu\/#\/schema\/logo\/image\/\"}}]}<\/script>\n<!-- \/ Yoast SEO plugin. -->","yoast_head_json":{"title":"Privacy \/ Datenschutz - balsamo-marmotta.com","robots":{"index":"index","follow":"follow","max-snippet":"max-snippet:-1","max-image-preview":"max-image-preview:large","max-video-preview":"max-video-preview:-1"},"canonical":"https:\/\/www.balsamo-marmotta.com\/Shop\/deu\/privacy-policy\/","og_locale":"de_DE","og_type":"article","og_title":"Privacy \/ Datenschutz - balsamo-marmotta.com","og_description":"INFORMATIONEN ZUR VERARBEITUNG PERSONENBEZOGENER DATEN Gem\u00e4\u00df des Artikels 12 und der folgenden Artikel der Verordnung (EU) 2016\/679 (\u201eGDPR\u201c oder \u201eVerordnung\u201c) und im Allgemeinen unter Beachtung des in dieser Verordnung enthaltenen [&hellip;]","og_url":"https:\/\/www.balsamo-marmotta.com\/Shop\/deu\/privacy-policy\/","og_site_name":"balsamo-marmotta.com","article_modified_time":"2022-11-29T10:09:24+00:00","twitter_card":"summary_large_image","twitter_misc":{"Gesch\u00e4tzte Lesezeit":"10\u00a0Minuten"},"schema":{"@context":"https:\/\/schema.org","@graph":[{"@type":"WebPage","@id":"https:\/\/www.balsamo-marmotta.com\/Shop\/deu\/privacy-policy\/","url":"https:\/\/www.balsamo-marmotta.com\/Shop\/deu\/privacy-policy\/","name":"Privacy \/ Datenschutz - balsamo-marmotta.com","isPartOf":{"@id":"https:\/\/www.balsamo-marmotta.com\/Shop\/deu\/#website"},"datePublished":"2022-04-02T08:17:33+00:00","dateModified":"2022-11-29T10:09:24+00:00","breadcrumb":{"@id":"https:\/\/www.balsamo-marmotta.com\/Shop\/deu\/privacy-policy\/#breadcrumb"},"inLanguage":"de","potentialAction":[{"@type":"ReadAction","target":["https:\/\/www.balsamo-marmotta.com\/Shop\/deu\/privacy-policy\/"]}]},{"@type":"BreadcrumbList","@id":"https:\/\/www.balsamo-marmotta.com\/Shop\/deu\/privacy-policy\/#breadcrumb","itemListElement":[{"@type":"ListItem","position":1,"name":"Startseite","item":"https:\/\/www.balsamo-marmotta.com\/Shop\/deu\/"},{"@type":"ListItem","position":2,"name":"Privacy \/ Datenschutz"}]},{"@type":"WebSite","@id":"https:\/\/www.balsamo-marmotta.com\/Shop\/deu\/#website","url":"https:\/\/www.balsamo-marmotta.com\/Shop\/deu\/","name":"balsamo-marmotta.com","description":"balsamo-marmotta.com","publisher":{"@id":"https:\/\/www.balsamo-marmotta.com\/Shop\/deu\/#organization"},"potentialAction":[{"@type":"SearchAction","target":{"@type":"EntryPoint","urlTemplate":"https:\/\/www.balsamo-marmotta.com\/Shop\/deu\/?s={search_term_string}"},"query-input":{"@type":"PropertyValueSpecification","valueRequired":true,"valueName":"search_term_string"}}],"inLanguage":"de"},{"@type":"Organization","@id":"https:\/\/www.balsamo-marmotta.com\/Shop\/deu\/#organization","name":"balsamo-marmotta.com","url":"https:\/\/www.balsamo-marmotta.com\/Shop\/deu\/","logo":{"@type":"ImageObject","inLanguage":"de","@id":"https:\/\/www.balsamo-marmotta.com\/Shop\/deu\/#\/schema\/logo\/image\/","url":"https:\/\/www.balsamo-marmotta.com\/Shop\/wp-content\/uploads\/2023\/07\/logo_large.png","contentUrl":"https:\/\/www.balsamo-marmotta.com\/Shop\/wp-content\/uploads\/2023\/07\/logo_large.png","width":383,"height":56,"caption":"balsamo-marmotta.com"},"image":{"@id":"https:\/\/www.balsamo-marmotta.com\/Shop\/deu\/#\/schema\/logo\/image\/"}}]}},"_links":{"self":[{"href":"https:\/\/www.balsamo-marmotta.com\/Shop\/deu\/wp-json\/wp\/v2\/pages\/3","targetHints":{"allow":["GET"]}}],"collection":[{"href":"https:\/\/www.balsamo-marmotta.com\/Shop\/deu\/wp-json\/wp\/v2\/pages"}],"about":[{"href":"https:\/\/www.balsamo-marmotta.com\/Shop\/deu\/wp-json\/wp\/v2\/types\/page"}],"author":[{"embeddable":true,"href":"https:\/\/www.balsamo-marmotta.com\/Shop\/deu\/wp-json\/wp\/v2\/users\/1"}],"replies":[{"embeddable":true,"href":"https:\/\/www.balsamo-marmotta.com\/Shop\/deu\/wp-json\/wp\/v2\/comments?post=3"}],"version-history":[{"count":4,"href":"https:\/\/www.balsamo-marmotta.com\/Shop\/deu\/wp-json\/wp\/v2\/pages\/3\/revisions"}],"predecessor-version":[{"id":265,"href":"https:\/\/www.balsamo-marmotta.com\/Shop\/deu\/wp-json\/wp\/v2\/pages\/3\/revisions\/265"}],"wp:attachment":[{"href":"https:\/\/www.balsamo-marmotta.com\/Shop\/deu\/wp-json\/wp\/v2\/media?parent=3"}],"curies":[{"name":"wp","href":"https:\/\/api.w.org\/{rel}","templated":true}]}}